{"id":323,"date":"2020-03-09T14:57:48","date_gmt":"2020-03-09T13:57:48","guid":{"rendered":"http:\/\/www.leseditionssansnom.com\/?page_id=323"},"modified":"2021-09-14T13:50:06","modified_gmt":"2021-09-14T11:50:06","slug":"david-bolon","status":"publish","type":"page","link":"https:\/\/www.leseditionssansnom.com\/index.php\/auteur-e-s\/david-bolon\/","title":{"rendered":"david bolon"},"content":{"rendered":"<p>David Bolon est toulousain. Ouvrier sp\u00e9cialis\u00e9 en imprimerie traditionnelle, il a cultiv\u00e9 sa fibre cr\u00e9ative et son rapport \u00e0 l&rsquo;\u00e9criture depuis l&rsquo;adolescence, avec une exp\u00e9rience d&rsquo;auteur-compositeur-interpr\u00e8te de rap conscient et engag\u00e9.<\/p>\n<p>Jeune p\u00e8re de famille, il est atteint \u00e0 l&rsquo;\u00e2ge de trente ans d&rsquo;un premier cancer dont les chances de gu\u00e9rison \u00e9taient tr\u00e8s \u00e9lev\u00e9es. Il y a deux ans et demi, les traitements reconnus n&rsquo;ayant pas emp\u00each\u00e9 plusieurs rechutes, ses m\u00e9decins lui donnaient trois mois \u00e0 vivre. Ils d\u00e9cident aussi de tenter avec lui un traitement exp\u00e9rimental, \u00e0 la pointe de la recherche&#8230; qui porte ses fruits.<\/p>\n<p>Avec sa femme et ses deux enfants, sa famille, ses amis, ses combats m\u00e9dicaux et citoyens, ses projets de retour \u00e0 l&#8217;emploi, son implication dans la vie associative et culturelle locale, David m\u00e8nent aujourd&rsquo;hui sa vie de \u00ab malade chronique en bonne sant\u00e9 \u00bb \u00e0 Solomiac dans le Gers.<\/p>\n","protected":false},"excerpt":{"rendered":"<p>David Bolon est toulousain. Ouvrier sp\u00e9cialis\u00e9 en imprimerie traditionnelle, il a cultiv\u00e9 sa fibre cr\u00e9ative et son rapport \u00e0 l&rsquo;\u00e9criture depuis l&rsquo;adolescence, avec une exp\u00e9rience&hellip; <\/p>\n","protected":false},"author":1,"featured_media":0,"parent":148,"menu_order":0,"comment_status":"closed","ping_status":"closed","template":"page-templates\/aboutus-template.php","meta":[],"yoast_head":"<!-- This site is optimized with the Yoast SEO plugin v17.1 - https:\/\/yoast.com\/wordpress\/plugins\/seo\/ -->\n<title>david bolon &bull; Les \u00c9ditions Sans Nom<\/title>\n<meta name=\"description\" content=\"David Bolon est toulousain. Ouvrier sp\u00e9cialis\u00e9 en imprimerie traditionnelle, il a cultiv\u00e9 sa fibre cr\u00e9ative et son rapport \u00e0 l&#039;\u00e9criture depuis l&#039;adolescence, avec une exp\u00e9rience d&#039;auteur-compositeur-interpr\u00e8te de rap conscient et engag\u00e9.\" \/>\n<meta name=\"robots\" content=\"index, follow, max-snippet:-1, max-image-preview:large, max-video-preview:-1\" \/>\n<link rel=\"canonical\" href=\"https:\/\/www.leseditionssansnom.com\/index.php\/auteur-e-s\/david-bolon\/\" \/>\n<meta property=\"og:locale\" content=\"fr_FR\" \/>\n<meta property=\"og:type\" content=\"article\" \/>\n<meta property=\"og:title\" content=\"david bolon &bull; Les \u00c9ditions Sans Nom\" \/>\n<meta property=\"og:description\" content=\"David Bolon est toulousain. Ouvrier sp\u00e9cialis\u00e9 en imprimerie traditionnelle, il a cultiv\u00e9 sa fibre cr\u00e9ative et son rapport \u00e0 l&#039;\u00e9criture depuis l&#039;adolescence, avec une exp\u00e9rience d&#039;auteur-compositeur-interpr\u00e8te de rap conscient et engag\u00e9.\" \/>\n<meta property=\"og:url\" content=\"https:\/\/www.leseditionssansnom.com\/index.php\/auteur-e-s\/david-bolon\/\" \/>\n<meta property=\"og:site_name\" content=\"Les \u00c9ditions Sans Nom\" \/>\n<meta property=\"article:modified_time\" content=\"2021-09-14T11:50:06+00:00\" \/>\n<meta name=\"twitter:card\" content=\"summary_large_image\" \/>\n<meta name=\"twitter:label1\" content=\"Dur\u00e9e de lecture est.\" \/>\n\t<meta name=\"twitter:data1\" content=\"1 minute\" \/>\n<script type=\"application\/ld+json\" class=\"yoast-schema-graph\">{\"@context\":\"https:\/\/schema.org\",\"@graph\":[{\"@type\":\"WebSite\",\"@id\":\"https:\/\/www.leseditionssansnom.com\/#website\",\"url\":\"https:\/\/www.leseditionssansnom.com\/\",\"name\":\"Les \\u00c9ditions Sans Nom\",\"description\":\"une maison d&#039;\\u00e9dition ind\\u00e9pendante et autog\\u00e9r\\u00e9e, bas\\u00e9e \\u00e0 Toulouse\",\"potentialAction\":[{\"@type\":\"SearchAction\",\"target\":{\"@type\":\"EntryPoint\",\"urlTemplate\":\"https:\/\/www.leseditionssansnom.com\/?s={search_term_string}\"},\"query-input\":\"required name=search_term_string\"}],\"inLanguage\":\"fr-FR\"},{\"@type\":\"WebPage\",\"@id\":\"https:\/\/www.leseditionssansnom.com\/index.php\/auteur-e-s\/david-bolon\/#webpage\",\"url\":\"https:\/\/www.leseditionssansnom.com\/index.php\/auteur-e-s\/david-bolon\/\",\"name\":\"david bolon &bull; Les \\u00c9ditions Sans Nom\",\"isPartOf\":{\"@id\":\"https:\/\/www.leseditionssansnom.com\/#website\"},\"datePublished\":\"2020-03-09T13:57:48+00:00\",\"dateModified\":\"2021-09-14T11:50:06+00:00\",\"description\":\"David Bolon est toulousain. Ouvrier sp\\u00e9cialis\\u00e9 en imprimerie traditionnelle, il a cultiv\\u00e9 sa fibre cr\\u00e9ative et son rapport \\u00e0 l'\\u00e9criture depuis l'adolescence, avec une exp\\u00e9rience d'auteur-compositeur-interpr\\u00e8te de rap conscient et engag\\u00e9.\",\"breadcrumb\":{\"@id\":\"https:\/\/www.leseditionssansnom.com\/index.php\/auteur-e-s\/david-bolon\/#breadcrumb\"},\"inLanguage\":\"fr-FR\",\"potentialAction\":[{\"@type\":\"ReadAction\",\"target\":[\"https:\/\/www.leseditionssansnom.com\/index.php\/auteur-e-s\/david-bolon\/\"]}]},{\"@type\":\"BreadcrumbList\",\"@id\":\"https:\/\/www.leseditionssansnom.com\/index.php\/auteur-e-s\/david-bolon\/#breadcrumb\",\"itemListElement\":[{\"@type\":\"ListItem\",\"position\":1,\"name\":\"Accueil\",\"item\":\"https:\/\/www.leseditionssansnom.com\/\"},{\"@type\":\"ListItem\",\"position\":2,\"name\":\"Auteur.e.s\",\"item\":\"https:\/\/www.leseditionssansnom.com\/index.php\/auteur-e-s\/\"},{\"@type\":\"ListItem\",\"position\":3,\"name\":\"david bolon\"}]}]}<\/script>\n<!-- \/ Yoast SEO plugin. -->","yoast_head_json":{"title":"david bolon &bull; Les \u00c9ditions Sans Nom","description":"David Bolon est toulousain. Ouvrier sp\u00e9cialis\u00e9 en imprimerie traditionnelle, il a cultiv\u00e9 sa fibre cr\u00e9ative et son rapport \u00e0 l'\u00e9criture depuis l'adolescence, avec une exp\u00e9rience d'auteur-compositeur-interpr\u00e8te de rap conscient et engag\u00e9.","robots":{"index":"index","follow":"follow","max-snippet":"max-snippet:-1","max-image-preview":"max-image-preview:large","max-video-preview":"max-video-preview:-1"},"canonical":"https:\/\/www.leseditionssansnom.com\/index.php\/auteur-e-s\/david-bolon\/","og_locale":"fr_FR","og_type":"article","og_title":"david bolon &bull; Les \u00c9ditions Sans Nom","og_description":"David Bolon est toulousain. Ouvrier sp\u00e9cialis\u00e9 en imprimerie traditionnelle, il a cultiv\u00e9 sa fibre cr\u00e9ative et son rapport \u00e0 l'\u00e9criture depuis l'adolescence, avec une exp\u00e9rience d'auteur-compositeur-interpr\u00e8te de rap conscient et engag\u00e9.","og_url":"https:\/\/www.leseditionssansnom.com\/index.php\/auteur-e-s\/david-bolon\/","og_site_name":"Les \u00c9ditions Sans Nom","article_modified_time":"2021-09-14T11:50:06+00:00","twitter_card":"summary_large_image","twitter_misc":{"Dur\u00e9e de lecture est.":"1 minute"},"schema":{"@context":"https:\/\/schema.org","@graph":[{"@type":"WebSite","@id":"https:\/\/www.leseditionssansnom.com\/#website","url":"https:\/\/www.leseditionssansnom.com\/","name":"Les \u00c9ditions Sans Nom","description":"une maison d&#039;\u00e9dition ind\u00e9pendante et autog\u00e9r\u00e9e, bas\u00e9e \u00e0 Toulouse","potentialAction":[{"@type":"SearchAction","target":{"@type":"EntryPoint","urlTemplate":"https:\/\/www.leseditionssansnom.com\/?s={search_term_string}"},"query-input":"required name=search_term_string"}],"inLanguage":"fr-FR"},{"@type":"WebPage","@id":"https:\/\/www.leseditionssansnom.com\/index.php\/auteur-e-s\/david-bolon\/#webpage","url":"https:\/\/www.leseditionssansnom.com\/index.php\/auteur-e-s\/david-bolon\/","name":"david bolon &bull; Les \u00c9ditions Sans Nom","isPartOf":{"@id":"https:\/\/www.leseditionssansnom.com\/#website"},"datePublished":"2020-03-09T13:57:48+00:00","dateModified":"2021-09-14T11:50:06+00:00","description":"David Bolon est toulousain. Ouvrier sp\u00e9cialis\u00e9 en imprimerie traditionnelle, il a cultiv\u00e9 sa fibre cr\u00e9ative et son rapport \u00e0 l'\u00e9criture depuis l'adolescence, avec une exp\u00e9rience d'auteur-compositeur-interpr\u00e8te de rap conscient et engag\u00e9.","breadcrumb":{"@id":"https:\/\/www.leseditionssansnom.com\/index.php\/auteur-e-s\/david-bolon\/#breadcrumb"},"inLanguage":"fr-FR","potentialAction":[{"@type":"ReadAction","target":["https:\/\/www.leseditionssansnom.com\/index.php\/auteur-e-s\/david-bolon\/"]}]},{"@type":"BreadcrumbList","@id":"https:\/\/www.leseditionssansnom.com\/index.php\/auteur-e-s\/david-bolon\/#breadcrumb","itemListElement":[{"@type":"ListItem","position":1,"name":"Accueil","item":"https:\/\/www.leseditionssansnom.com\/"},{"@type":"ListItem","position":2,"name":"Auteur.e.s","item":"https:\/\/www.leseditionssansnom.com\/index.php\/auteur-e-s\/"},{"@type":"ListItem","position":3,"name":"david bolon"}]}]}},"_links":{"self":[{"href":"https:\/\/www.leseditionssansnom.com\/index.php\/wp-json\/wp\/v2\/pages\/323"}],"collection":[{"href":"https:\/\/www.leseditionssansnom.com\/index.php\/wp-json\/wp\/v2\/pages"}],"about":[{"href":"https:\/\/www.leseditionssansnom.com\/index.php\/wp-json\/wp\/v2\/types\/page"}],"author":[{"embeddable":true,"href":"https:\/\/www.leseditionssansnom.com\/index.php\/wp-json\/wp\/v2\/users\/1"}],"replies":[{"embeddable":true,"href":"https:\/\/www.leseditionssansnom.com\/index.php\/wp-json\/wp\/v2\/comments?post=323"}],"version-history":[{"count":2,"href":"https:\/\/www.leseditionssansnom.com\/index.php\/wp-json\/wp\/v2\/pages\/323\/revisions"}],"predecessor-version":[{"id":327,"href":"https:\/\/www.leseditionssansnom.com\/index.php\/wp-json\/wp\/v2\/pages\/323\/revisions\/327"}],"up":[{"embeddable":true,"href":"https:\/\/www.leseditionssansnom.com\/index.php\/wp-json\/wp\/v2\/pages\/148"}],"wp:attachment":[{"href":"https:\/\/www.leseditionssansnom.com\/index.php\/wp-json\/wp\/v2\/media?parent=323"}],"curies":[{"name":"wp","href":"https:\/\/api.w.org\/{rel}","templated":true}]}}