{"id":321,"date":"2020-03-09T14:56:31","date_gmt":"2020-03-09T13:56:31","guid":{"rendered":"http:\/\/www.leseditionssansnom.com\/?page_id=321"},"modified":"2021-09-14T13:53:00","modified_gmt":"2021-09-14T11:53:00","slug":"hafid-saidi","status":"publish","type":"page","link":"https:\/\/www.leseditionssansnom.com\/index.php\/auteur-e-s\/hafid-saidi\/","title":{"rendered":"hafid sa\u00efdi"},"content":{"rendered":"<p>En r\u00e9ponse \u00e0 notre \u00e9poque de mensonge et d\u2019artificiel, le po\u00e8te Hafid Sa\u00efdi d\u00e9lie une po\u00e9sie fluide et sinc\u00e8re, claire et enti\u00e8re, \u00e9vidente et \u00e9mouvante.<\/p>\n<p>En r\u00e9ponse \u00e0 notre \u00e9poque de d\u00e9sengagement, soucieuse seulement du superficiel, d\u2019une \u00e9motion ponctuelle ouvr\u00e9e d\u2019abrutissements, \u00e0 l\u2019apanage du st\u00e9r\u00e9otype, la po\u00e9sie d\u2019Hafid Sa\u00efdi s\u2019en d\u00e9marque par une r\u00e9volte en vers libres et en rimes cristallines, assoiff\u00e9e d\u2019introspection et de v\u00e9rit\u00e9 (pour ne pas oublier \/Les sinistres \u00e9poques \/Ou les verbes se conjuguaient \/Au temps de l\u2019inquisition \/ J\u2019\u00e9cris dans le miroir de chaque couleur.)<\/p>\n<p>Po\u00e9sie d\u00e9volue \u00e0 la tol\u00e9rance, \u00e0 la g\u00e9n\u00e9rosit\u00e9 et \u00e0 une envie de vivre autrement qu\u2019en l\u2019\u00e9tat d\u2019une simple brique dans un mur au format de la \u201cbien-pensance\u201d (ce soir \/ La lune est derri\u00e8re les barbel\u00e9s \/ Le monde devient \u00e9trange \/ C\u2019est un po\u00e8te qu\u2019on assassine.).<\/p>\n<p>Hafid Sa\u00efdi, au-del\u00e0 de nous r\u00e9galer coeur, \u00e2me et neurones, au-del\u00e0 de bonifier mots et verbes choisis minutieusement pour flatter la sensibilit\u00e9 de sa plume, il nous am\u00e8ne \u00e0 un certaine spiritualit\u00e9 sugg\u00e9r\u00e9e par la subtilit\u00e9 d\u2019images, de sensations, d\u2019atmosph\u00e8res (Pour toi \/Un po\u00e8me \/ Sur une page de sable \/ Et \/ des paroles \/ En algues \/ pour faire danser les lettres \/ dans le profond \/ Des mille silences.). Le tout puise dans une source \u00e9vidente d\u2019un profond amour pour l\u2019autre malgr\u00e9 les disillusions de l\u2019exp\u00e9rience, d\u2019un continuel \u00e9merveillement face au miracle de vivre sur terre (la porte s\u2019ouvre \/ Dans le temps \/ Qui verse la s\u00e8ve du matin.).<\/p>\n<p>Comment \u00eatre s\u00fbr de sa volont\u00e9 d\u2019aimer l\u2019autre et de l\u2019humaniser (Aux po\u00e8mes encercl\u00e9s \/Aux verbes fugitifs \/Aux ruelles sans nom \/Au r\u00eave \/ A l\u2019utopie)? Comment \u00eatre s\u00fbr de sa volont\u00e9 d\u2019\u00e9voluer lui-m\u00eame dans sa qu\u00eate de devenir toujours plus humain, de toujours aspirer \u00e0 la volupt\u00e9 de mieux s\u2019accepter, au d\u00e9tour d\u2019un engagement sans concession pour aider son prochain, qu\u2019\u00e0 la lecture et \u00e0 la rencontre de sa po\u00e9sie aussi cotonneuse que r\u00e9volt\u00e9e, aussi sensible que r\u00e9sistante, aussi pure qu\u2019\u00e2pre (nous \u00e9tions alors \/ Les enfants de la rue de l\u2019Am\u00e9rique Latine \/ sans craindre d\u2019avoir \/ Une tache de sang sur le front.).<\/p>\n<p>Lui, l\u2019\u00e9clectique, lui, l\u2019\u0153cum\u00e9nique, nourrit notre coeur, notre r\u00e9flexion d\u2019universalit\u00e9. Po\u00e9sie \u00e0 la remarque ambitieuse, \u00e9prouvante pour lui s\u2019efforce humblement de chercher \u00e0 embellir l\u2019autre d\u2019un meilleur, d\u2019un sentiment de fraternit\u00e9. Alors, quoi de plus beau et de plus jouissif que de cueillir au creux de ses vers, le souffle profond d\u2019un doux vent nocturne !<\/p>\n<p>Boriana et Jacques-Constant Poueyo<\/p>\n","protected":false},"excerpt":{"rendered":"<p>En r\u00e9ponse \u00e0 notre \u00e9poque de mensonge et d\u2019artificiel, le po\u00e8te Hafid Sa\u00efdi d\u00e9lie une po\u00e9sie fluide et sinc\u00e8re, claire et enti\u00e8re, \u00e9vidente et \u00e9mouvante.&hellip; <\/p>\n","protected":false},"author":1,"featured_media":0,"parent":148,"menu_order":0,"comment_status":"closed","ping_status":"closed","template":"page-templates\/aboutus-template.php","meta":[],"yoast_head":"<!-- This site is optimized with the Yoast SEO plugin v17.1 - https:\/\/yoast.com\/wordpress\/plugins\/seo\/ -->\n<title>hafid sa\u00efdi &bull; Les \u00c9ditions Sans Nom<\/title>\n<meta name=\"description\" content=\"Lui, l\u2019\u00e9clectique, lui, l\u2019\u0153cum\u00e9nique, nourrit notre coeur, notre r\u00e9flexion d\u2019universalit\u00e9. Po\u00e9sie \u00e0 la remarque ambitieuse, \u00e9prouvante pour lui s\u2019efforce humblement de chercher \u00e0 embellir l\u2019autre d\u2019un meilleur, d\u2019un sentiment de fraternit\u00e9. Alors, quoi de plus beau et de plus jouissif que de cueillir au creux de ses vers, le souffle profond d\u2019un doux vent nocturne !\" \/>\n<meta name=\"robots\" content=\"index, follow, max-snippet:-1, max-image-preview:large, max-video-preview:-1\" \/>\n<link rel=\"canonical\" href=\"https:\/\/www.leseditionssansnom.com\/index.php\/auteur-e-s\/hafid-saidi\/\" \/>\n<meta property=\"og:locale\" content=\"fr_FR\" \/>\n<meta property=\"og:type\" content=\"article\" \/>\n<meta property=\"og:title\" content=\"hafid sa\u00efdi &bull; Les \u00c9ditions Sans Nom\" \/>\n<meta property=\"og:description\" content=\"Lui, l\u2019\u00e9clectique, lui, l\u2019\u0153cum\u00e9nique, nourrit notre coeur, notre r\u00e9flexion d\u2019universalit\u00e9. Po\u00e9sie \u00e0 la remarque ambitieuse, \u00e9prouvante pour lui s\u2019efforce humblement de chercher \u00e0 embellir l\u2019autre d\u2019un meilleur, d\u2019un sentiment de fraternit\u00e9. Alors, quoi de plus beau et de plus jouissif que de cueillir au creux de ses vers, le souffle profond d\u2019un doux vent nocturne !\" \/>\n<meta property=\"og:url\" content=\"https:\/\/www.leseditionssansnom.com\/index.php\/auteur-e-s\/hafid-saidi\/\" \/>\n<meta property=\"og:site_name\" content=\"Les \u00c9ditions Sans Nom\" \/>\n<meta property=\"article:modified_time\" content=\"2021-09-14T11:53:00+00:00\" \/>\n<meta name=\"twitter:card\" content=\"summary_large_image\" \/>\n<meta name=\"twitter:label1\" content=\"Dur\u00e9e de lecture est.\" \/>\n\t<meta name=\"twitter:data1\" content=\"2 minutes\" \/>\n<script type=\"application\/ld+json\" class=\"yoast-schema-graph\">{\"@context\":\"https:\/\/schema.org\",\"@graph\":[{\"@type\":\"WebSite\",\"@id\":\"https:\/\/www.leseditionssansnom.com\/#website\",\"url\":\"https:\/\/www.leseditionssansnom.com\/\",\"name\":\"Les \\u00c9ditions Sans Nom\",\"description\":\"une maison d&#039;\\u00e9dition ind\\u00e9pendante et autog\\u00e9r\\u00e9e, bas\\u00e9e \\u00e0 Toulouse\",\"potentialAction\":[{\"@type\":\"SearchAction\",\"target\":{\"@type\":\"EntryPoint\",\"urlTemplate\":\"https:\/\/www.leseditionssansnom.com\/?s={search_term_string}\"},\"query-input\":\"required name=search_term_string\"}],\"inLanguage\":\"fr-FR\"},{\"@type\":\"WebPage\",\"@id\":\"https:\/\/www.leseditionssansnom.com\/index.php\/auteur-e-s\/hafid-saidi\/#webpage\",\"url\":\"https:\/\/www.leseditionssansnom.com\/index.php\/auteur-e-s\/hafid-saidi\/\",\"name\":\"hafid sa\\u00efdi &bull; Les \\u00c9ditions Sans Nom\",\"isPartOf\":{\"@id\":\"https:\/\/www.leseditionssansnom.com\/#website\"},\"datePublished\":\"2020-03-09T13:56:31+00:00\",\"dateModified\":\"2021-09-14T11:53:00+00:00\",\"description\":\"Lui, l\\u2019\\u00e9clectique, lui, l\\u2019\\u0153cum\\u00e9nique, nourrit notre coeur, notre r\\u00e9flexion d\\u2019universalit\\u00e9. Po\\u00e9sie \\u00e0 la remarque ambitieuse, \\u00e9prouvante pour lui s\\u2019efforce humblement de chercher \\u00e0 embellir l\\u2019autre d\\u2019un meilleur, d\\u2019un sentiment de fraternit\\u00e9. Alors, quoi de plus beau et de plus jouissif que de cueillir au creux de ses vers, le souffle profond d\\u2019un doux vent nocturne !\",\"breadcrumb\":{\"@id\":\"https:\/\/www.leseditionssansnom.com\/index.php\/auteur-e-s\/hafid-saidi\/#breadcrumb\"},\"inLanguage\":\"fr-FR\",\"potentialAction\":[{\"@type\":\"ReadAction\",\"target\":[\"https:\/\/www.leseditionssansnom.com\/index.php\/auteur-e-s\/hafid-saidi\/\"]}]},{\"@type\":\"BreadcrumbList\",\"@id\":\"https:\/\/www.leseditionssansnom.com\/index.php\/auteur-e-s\/hafid-saidi\/#breadcrumb\",\"itemListElement\":[{\"@type\":\"ListItem\",\"position\":1,\"name\":\"Accueil\",\"item\":\"https:\/\/www.leseditionssansnom.com\/\"},{\"@type\":\"ListItem\",\"position\":2,\"name\":\"Auteur.e.s\",\"item\":\"https:\/\/www.leseditionssansnom.com\/index.php\/auteur-e-s\/\"},{\"@type\":\"ListItem\",\"position\":3,\"name\":\"hafid sa\\u00efdi\"}]}]}<\/script>\n<!-- \/ Yoast SEO plugin. -->","yoast_head_json":{"title":"hafid sa\u00efdi &bull; Les \u00c9ditions Sans Nom","description":"Lui, l\u2019\u00e9clectique, lui, l\u2019\u0153cum\u00e9nique, nourrit notre coeur, notre r\u00e9flexion d\u2019universalit\u00e9. Po\u00e9sie \u00e0 la remarque ambitieuse, \u00e9prouvante pour lui s\u2019efforce humblement de chercher \u00e0 embellir l\u2019autre d\u2019un meilleur, d\u2019un sentiment de fraternit\u00e9. Alors, quoi de plus beau et de plus jouissif que de cueillir au creux de ses vers, le souffle profond d\u2019un doux vent nocturne !","robots":{"index":"index","follow":"follow","max-snippet":"max-snippet:-1","max-image-preview":"max-image-preview:large","max-video-preview":"max-video-preview:-1"},"canonical":"https:\/\/www.leseditionssansnom.com\/index.php\/auteur-e-s\/hafid-saidi\/","og_locale":"fr_FR","og_type":"article","og_title":"hafid sa\u00efdi &bull; Les \u00c9ditions Sans Nom","og_description":"Lui, l\u2019\u00e9clectique, lui, l\u2019\u0153cum\u00e9nique, nourrit notre coeur, notre r\u00e9flexion d\u2019universalit\u00e9. Po\u00e9sie \u00e0 la remarque ambitieuse, \u00e9prouvante pour lui s\u2019efforce humblement de chercher \u00e0 embellir l\u2019autre d\u2019un meilleur, d\u2019un sentiment de fraternit\u00e9. Alors, quoi de plus beau et de plus jouissif que de cueillir au creux de ses vers, le souffle profond d\u2019un doux vent nocturne !","og_url":"https:\/\/www.leseditionssansnom.com\/index.php\/auteur-e-s\/hafid-saidi\/","og_site_name":"Les \u00c9ditions Sans Nom","article_modified_time":"2021-09-14T11:53:00+00:00","twitter_card":"summary_large_image","twitter_misc":{"Dur\u00e9e de lecture est.":"2 minutes"},"schema":{"@context":"https:\/\/schema.org","@graph":[{"@type":"WebSite","@id":"https:\/\/www.leseditionssansnom.com\/#website","url":"https:\/\/www.leseditionssansnom.com\/","name":"Les \u00c9ditions Sans Nom","description":"une maison d&#039;\u00e9dition ind\u00e9pendante et autog\u00e9r\u00e9e, bas\u00e9e \u00e0 Toulouse","potentialAction":[{"@type":"SearchAction","target":{"@type":"EntryPoint","urlTemplate":"https:\/\/www.leseditionssansnom.com\/?s={search_term_string}"},"query-input":"required name=search_term_string"}],"inLanguage":"fr-FR"},{"@type":"WebPage","@id":"https:\/\/www.leseditionssansnom.com\/index.php\/auteur-e-s\/hafid-saidi\/#webpage","url":"https:\/\/www.leseditionssansnom.com\/index.php\/auteur-e-s\/hafid-saidi\/","name":"hafid sa\u00efdi &bull; Les \u00c9ditions Sans Nom","isPartOf":{"@id":"https:\/\/www.leseditionssansnom.com\/#website"},"datePublished":"2020-03-09T13:56:31+00:00","dateModified":"2021-09-14T11:53:00+00:00","description":"Lui, l\u2019\u00e9clectique, lui, l\u2019\u0153cum\u00e9nique, nourrit notre coeur, notre r\u00e9flexion d\u2019universalit\u00e9. Po\u00e9sie \u00e0 la remarque ambitieuse, \u00e9prouvante pour lui s\u2019efforce humblement de chercher \u00e0 embellir l\u2019autre d\u2019un meilleur, d\u2019un sentiment de fraternit\u00e9. Alors, quoi de plus beau et de plus jouissif que de cueillir au creux de ses vers, le souffle profond d\u2019un doux vent nocturne !","breadcrumb":{"@id":"https:\/\/www.leseditionssansnom.com\/index.php\/auteur-e-s\/hafid-saidi\/#breadcrumb"},"inLanguage":"fr-FR","potentialAction":[{"@type":"ReadAction","target":["https:\/\/www.leseditionssansnom.com\/index.php\/auteur-e-s\/hafid-saidi\/"]}]},{"@type":"BreadcrumbList","@id":"https:\/\/www.leseditionssansnom.com\/index.php\/auteur-e-s\/hafid-saidi\/#breadcrumb","itemListElement":[{"@type":"ListItem","position":1,"name":"Accueil","item":"https:\/\/www.leseditionssansnom.com\/"},{"@type":"ListItem","position":2,"name":"Auteur.e.s","item":"https:\/\/www.leseditionssansnom.com\/index.php\/auteur-e-s\/"},{"@type":"ListItem","position":3,"name":"hafid sa\u00efdi"}]}]}},"_links":{"self":[{"href":"https:\/\/www.leseditionssansnom.com\/index.php\/wp-json\/wp\/v2\/pages\/321"}],"collection":[{"href":"https:\/\/www.leseditionssansnom.com\/index.php\/wp-json\/wp\/v2\/pages"}],"about":[{"href":"https:\/\/www.leseditionssansnom.com\/index.php\/wp-json\/wp\/v2\/types\/page"}],"author":[{"embeddable":true,"href":"https:\/\/www.leseditionssansnom.com\/index.php\/wp-json\/wp\/v2\/users\/1"}],"replies":[{"embeddable":true,"href":"https:\/\/www.leseditionssansnom.com\/index.php\/wp-json\/wp\/v2\/comments?post=321"}],"version-history":[{"count":3,"href":"https:\/\/www.leseditionssansnom.com\/index.php\/wp-json\/wp\/v2\/pages\/321\/revisions"}],"predecessor-version":[{"id":408,"href":"https:\/\/www.leseditionssansnom.com\/index.php\/wp-json\/wp\/v2\/pages\/321\/revisions\/408"}],"up":[{"embeddable":true,"href":"https:\/\/www.leseditionssansnom.com\/index.php\/wp-json\/wp\/v2\/pages\/148"}],"wp:attachment":[{"href":"https:\/\/www.leseditionssansnom.com\/index.php\/wp-json\/wp\/v2\/media?parent=321"}],"curies":[{"name":"wp","href":"https:\/\/api.w.org\/{rel}","templated":true}]}}