{"id":319,"date":"2020-03-09T14:54:47","date_gmt":"2020-03-09T13:54:47","guid":{"rendered":"http:\/\/www.leseditionssansnom.com\/?page_id=319"},"modified":"2021-09-14T13:51:38","modified_gmt":"2021-09-14T11:51:38","slug":"francoise-longeard","status":"publish","type":"page","link":"https:\/\/www.leseditionssansnom.com\/index.php\/auteur-e-s\/francoise-longeard\/","title":{"rendered":"fran\u00e7oise longeard"},"content":{"rendered":"<p>Licenci\u00e9e d\u2019Etudes Th\u00e9\u00e2trales (Paris 3 Sorbonne Nouvelle) et du dipl\u00f4me d\u2019Etat d\u2019enseignement de l\u2019art dramatique, Fran\u00e7oise Longeard a consacr\u00e9 une grande partie de sa vie professionnelle \u00e0 l\u2019enseignement du Th\u00e9\u00e2tre et \u00e0 la direction artistique de \u00ab Th\u00e9\u00e2tre 80 \u00bb (compagnie professionnelle de Th\u00e9\u00e2tre d\u2019Amiens).<\/p>\n<p>A ce dernier titre, elle a eu l\u2019opportunit\u00e9, non seulement de mettre en sc\u00e8ne de nombreux auteurs classiques ou contemporains, mais aussi de s\u2019exercer r\u00e9guli\u00e8rement \u00e0 l\u2019\u00e9criture de pi\u00e8ces de th\u00e9\u00e2tre, notamment \u00e0 partir de t\u00e9moignages recueillis (femmes alg\u00e9riennes : \u00ab la femme cosmonaute \u00bb, femmes de m\u00e9nage : \u00ab le jour et la nuit \u00bb, habitantes de la Vall\u00e9e de la Ni\u00e8vre : \u00ab zone inondable \u00bb\u2026).<\/p>\n<p>Apr\u00e8s 2004 (date de fin des activit\u00e9s de la compagnie), elle \u00ab quitte la sc\u00e8ne \u00bb, sans que cessent toutefois son implication dans le spectacle vivant et son questionnement sur les \u00e9critures : En 2005, c\u2019est sa rencontre, \u00e0 Paris, avec les enseignements de Jean Pierre Sarrazac, Jean Pierre Ryngaert, Joseph Danan, Daniel Lemahieu \u2026<\/p>\n<p>Alors s\u2019accentue encore le questionnement : L\u2019\u00e9criture peut-elle se risquer \u00e0 la fois dans et hors de \u00ab l\u2019air du temps \u00bb ?\u2026<\/p>\n<p>Depuis 2010, Fran\u00e7oise Longeard pousse son \u00e9criture vers des formes plus \u00ab libres \u00bb, plus exigeantes, plus \u00ab simples \u00bb : Apr\u00e8s \u00ab D\u00e9dicaces \u00e0 l\u2019homme qui dort \u00bb, \u00ab les filles d\u2019Ariane \u00bb, \u00ab Ahmed et son silence \u00bb, \u00ab la fin de l\u2019\u00e9t\u00e9 \u00bb (janvier 2019) est une des \u00e9tapes de sa marche vers une \u00e9criture th\u00e9\u00e2trale aventuri\u00e8re dans laquelle la parole et les actes des femmes occupent, d\u00e9finitivement, la premi\u00e8re place ; dans laquelle l\u2019Intime et l\u2019Histoire s\u2019enchev\u00eatrent irr\u00e9m\u00e9diablement. Elle travaille aujourd\u2019hui sur deux nouveaux projets d\u2019\u00e9criture (\u00ab la Humaine \u00bb et \u00ab la Femme \u00e0 poils \u00bb).<\/p>\n<p>La fin de l&rsquo;\u00e9t\u00e9 a \u00e9t\u00e9 mis en sc\u00e8ne le 17 janvier 2019<\/p>\n","protected":false},"excerpt":{"rendered":"<p>Licenci\u00e9e d\u2019Etudes Th\u00e9\u00e2trales (Paris 3 Sorbonne Nouvelle) et du dipl\u00f4me d\u2019Etat d\u2019enseignement de l\u2019art dramatique, Fran\u00e7oise Longeard a consacr\u00e9 une grande partie de sa vie&hellip; <\/p>\n","protected":false},"author":1,"featured_media":0,"parent":148,"menu_order":0,"comment_status":"closed","ping_status":"closed","template":"page-templates\/aboutus-template.php","meta":[],"yoast_head":"<!-- This site is optimized with the Yoast SEO plugin v17.1 - https:\/\/yoast.com\/wordpress\/plugins\/seo\/ -->\n<title>fran\u00e7oise longeard &bull; Les \u00c9ditions Sans Nom<\/title>\n<meta name=\"description\" content=\"Dipl\u00f4m\u00e9e d\u2019Etat en enseignement de l\u2019art dramatique, Fran\u00e7oise Longeard a consacr\u00e9 une partie de sa vie professionnelle \u00e0 l\u2019enseignement du Th\u00e9\u00e2tre et \u00e0 la direction artistique de \u00ab Th\u00e9\u00e2tre 80 \u00bb (compagnie professionnelle de Th\u00e9\u00e2tre d\u2019Amiens).\" \/>\n<meta name=\"robots\" content=\"index, follow, max-snippet:-1, max-image-preview:large, max-video-preview:-1\" \/>\n<link rel=\"canonical\" href=\"https:\/\/www.leseditionssansnom.com\/index.php\/auteur-e-s\/francoise-longeard\/\" \/>\n<meta property=\"og:locale\" content=\"fr_FR\" \/>\n<meta property=\"og:type\" content=\"article\" \/>\n<meta property=\"og:title\" content=\"fran\u00e7oise longeard &bull; Les \u00c9ditions Sans Nom\" \/>\n<meta property=\"og:description\" content=\"Dipl\u00f4m\u00e9e d\u2019Etat en enseignement de l\u2019art dramatique, Fran\u00e7oise Longeard a consacr\u00e9 une partie de sa vie professionnelle \u00e0 l\u2019enseignement du Th\u00e9\u00e2tre et \u00e0 la direction artistique de \u00ab Th\u00e9\u00e2tre 80 \u00bb (compagnie professionnelle de Th\u00e9\u00e2tre d\u2019Amiens).\" \/>\n<meta property=\"og:url\" content=\"https:\/\/www.leseditionssansnom.com\/index.php\/auteur-e-s\/francoise-longeard\/\" \/>\n<meta property=\"og:site_name\" content=\"Les \u00c9ditions Sans Nom\" \/>\n<meta property=\"article:modified_time\" content=\"2021-09-14T11:51:38+00:00\" \/>\n<meta name=\"twitter:card\" content=\"summary_large_image\" \/>\n<meta name=\"twitter:label1\" content=\"Dur\u00e9e de lecture est.\" \/>\n\t<meta name=\"twitter:data1\" content=\"2 minutes\" \/>\n<script type=\"application\/ld+json\" class=\"yoast-schema-graph\">{\"@context\":\"https:\/\/schema.org\",\"@graph\":[{\"@type\":\"WebSite\",\"@id\":\"https:\/\/www.leseditionssansnom.com\/#website\",\"url\":\"https:\/\/www.leseditionssansnom.com\/\",\"name\":\"Les \\u00c9ditions Sans Nom\",\"description\":\"une maison d&#039;\\u00e9dition ind\\u00e9pendante et autog\\u00e9r\\u00e9e, bas\\u00e9e \\u00e0 Toulouse\",\"potentialAction\":[{\"@type\":\"SearchAction\",\"target\":{\"@type\":\"EntryPoint\",\"urlTemplate\":\"https:\/\/www.leseditionssansnom.com\/?s={search_term_string}\"},\"query-input\":\"required name=search_term_string\"}],\"inLanguage\":\"fr-FR\"},{\"@type\":\"WebPage\",\"@id\":\"https:\/\/www.leseditionssansnom.com\/index.php\/auteur-e-s\/francoise-longeard\/#webpage\",\"url\":\"https:\/\/www.leseditionssansnom.com\/index.php\/auteur-e-s\/francoise-longeard\/\",\"name\":\"fran\\u00e7oise longeard &bull; Les \\u00c9ditions Sans Nom\",\"isPartOf\":{\"@id\":\"https:\/\/www.leseditionssansnom.com\/#website\"},\"datePublished\":\"2020-03-09T13:54:47+00:00\",\"dateModified\":\"2021-09-14T11:51:38+00:00\",\"description\":\"Dipl\\u00f4m\\u00e9e d\\u2019Etat en enseignement de l\\u2019art dramatique, Fran\\u00e7oise Longeard a consacr\\u00e9 une partie de sa vie professionnelle \\u00e0 l\\u2019enseignement du Th\\u00e9\\u00e2tre et \\u00e0 la direction artistique de \\u00ab Th\\u00e9\\u00e2tre 80 \\u00bb (compagnie professionnelle de Th\\u00e9\\u00e2tre d\\u2019Amiens).\",\"breadcrumb\":{\"@id\":\"https:\/\/www.leseditionssansnom.com\/index.php\/auteur-e-s\/francoise-longeard\/#breadcrumb\"},\"inLanguage\":\"fr-FR\",\"potentialAction\":[{\"@type\":\"ReadAction\",\"target\":[\"https:\/\/www.leseditionssansnom.com\/index.php\/auteur-e-s\/francoise-longeard\/\"]}]},{\"@type\":\"BreadcrumbList\",\"@id\":\"https:\/\/www.leseditionssansnom.com\/index.php\/auteur-e-s\/francoise-longeard\/#breadcrumb\",\"itemListElement\":[{\"@type\":\"ListItem\",\"position\":1,\"name\":\"Accueil\",\"item\":\"https:\/\/www.leseditionssansnom.com\/\"},{\"@type\":\"ListItem\",\"position\":2,\"name\":\"Auteur.e.s\",\"item\":\"https:\/\/www.leseditionssansnom.com\/index.php\/auteur-e-s\/\"},{\"@type\":\"ListItem\",\"position\":3,\"name\":\"fran\\u00e7oise longeard\"}]}]}<\/script>\n<!-- \/ Yoast SEO plugin. -->","yoast_head_json":{"title":"fran\u00e7oise longeard &bull; Les \u00c9ditions Sans Nom","description":"Dipl\u00f4m\u00e9e d\u2019Etat en enseignement de l\u2019art dramatique, Fran\u00e7oise Longeard a consacr\u00e9 une partie de sa vie professionnelle \u00e0 l\u2019enseignement du Th\u00e9\u00e2tre et \u00e0 la direction artistique de \u00ab Th\u00e9\u00e2tre 80 \u00bb (compagnie professionnelle de Th\u00e9\u00e2tre d\u2019Amiens).","robots":{"index":"index","follow":"follow","max-snippet":"max-snippet:-1","max-image-preview":"max-image-preview:large","max-video-preview":"max-video-preview:-1"},"canonical":"https:\/\/www.leseditionssansnom.com\/index.php\/auteur-e-s\/francoise-longeard\/","og_locale":"fr_FR","og_type":"article","og_title":"fran\u00e7oise longeard &bull; Les \u00c9ditions Sans Nom","og_description":"Dipl\u00f4m\u00e9e d\u2019Etat en enseignement de l\u2019art dramatique, Fran\u00e7oise Longeard a consacr\u00e9 une partie de sa vie professionnelle \u00e0 l\u2019enseignement du Th\u00e9\u00e2tre et \u00e0 la direction artistique de \u00ab Th\u00e9\u00e2tre 80 \u00bb (compagnie professionnelle de Th\u00e9\u00e2tre d\u2019Amiens).","og_url":"https:\/\/www.leseditionssansnom.com\/index.php\/auteur-e-s\/francoise-longeard\/","og_site_name":"Les \u00c9ditions Sans Nom","article_modified_time":"2021-09-14T11:51:38+00:00","twitter_card":"summary_large_image","twitter_misc":{"Dur\u00e9e de lecture est.":"2 minutes"},"schema":{"@context":"https:\/\/schema.org","@graph":[{"@type":"WebSite","@id":"https:\/\/www.leseditionssansnom.com\/#website","url":"https:\/\/www.leseditionssansnom.com\/","name":"Les \u00c9ditions Sans Nom","description":"une maison d&#039;\u00e9dition ind\u00e9pendante et autog\u00e9r\u00e9e, bas\u00e9e \u00e0 Toulouse","potentialAction":[{"@type":"SearchAction","target":{"@type":"EntryPoint","urlTemplate":"https:\/\/www.leseditionssansnom.com\/?s={search_term_string}"},"query-input":"required name=search_term_string"}],"inLanguage":"fr-FR"},{"@type":"WebPage","@id":"https:\/\/www.leseditionssansnom.com\/index.php\/auteur-e-s\/francoise-longeard\/#webpage","url":"https:\/\/www.leseditionssansnom.com\/index.php\/auteur-e-s\/francoise-longeard\/","name":"fran\u00e7oise longeard &bull; Les \u00c9ditions Sans Nom","isPartOf":{"@id":"https:\/\/www.leseditionssansnom.com\/#website"},"datePublished":"2020-03-09T13:54:47+00:00","dateModified":"2021-09-14T11:51:38+00:00","description":"Dipl\u00f4m\u00e9e d\u2019Etat en enseignement de l\u2019art dramatique, Fran\u00e7oise Longeard a consacr\u00e9 une partie de sa vie professionnelle \u00e0 l\u2019enseignement du Th\u00e9\u00e2tre et \u00e0 la direction artistique de \u00ab Th\u00e9\u00e2tre 80 \u00bb (compagnie professionnelle de Th\u00e9\u00e2tre d\u2019Amiens).","breadcrumb":{"@id":"https:\/\/www.leseditionssansnom.com\/index.php\/auteur-e-s\/francoise-longeard\/#breadcrumb"},"inLanguage":"fr-FR","potentialAction":[{"@type":"ReadAction","target":["https:\/\/www.leseditionssansnom.com\/index.php\/auteur-e-s\/francoise-longeard\/"]}]},{"@type":"BreadcrumbList","@id":"https:\/\/www.leseditionssansnom.com\/index.php\/auteur-e-s\/francoise-longeard\/#breadcrumb","itemListElement":[{"@type":"ListItem","position":1,"name":"Accueil","item":"https:\/\/www.leseditionssansnom.com\/"},{"@type":"ListItem","position":2,"name":"Auteur.e.s","item":"https:\/\/www.leseditionssansnom.com\/index.php\/auteur-e-s\/"},{"@type":"ListItem","position":3,"name":"fran\u00e7oise longeard"}]}]}},"_links":{"self":[{"href":"https:\/\/www.leseditionssansnom.com\/index.php\/wp-json\/wp\/v2\/pages\/319"}],"collection":[{"href":"https:\/\/www.leseditionssansnom.com\/index.php\/wp-json\/wp\/v2\/pages"}],"about":[{"href":"https:\/\/www.leseditionssansnom.com\/index.php\/wp-json\/wp\/v2\/types\/page"}],"author":[{"embeddable":true,"href":"https:\/\/www.leseditionssansnom.com\/index.php\/wp-json\/wp\/v2\/users\/1"}],"replies":[{"embeddable":true,"href":"https:\/\/www.leseditionssansnom.com\/index.php\/wp-json\/wp\/v2\/comments?post=319"}],"version-history":[{"count":1,"href":"https:\/\/www.leseditionssansnom.com\/index.php\/wp-json\/wp\/v2\/pages\/319\/revisions"}],"predecessor-version":[{"id":320,"href":"https:\/\/www.leseditionssansnom.com\/index.php\/wp-json\/wp\/v2\/pages\/319\/revisions\/320"}],"up":[{"embeddable":true,"href":"https:\/\/www.leseditionssansnom.com\/index.php\/wp-json\/wp\/v2\/pages\/148"}],"wp:attachment":[{"href":"https:\/\/www.leseditionssansnom.com\/index.php\/wp-json\/wp\/v2\/media?parent=319"}],"curies":[{"name":"wp","href":"https:\/\/api.w.org\/{rel}","templated":true}]}}