{"id":195,"date":"2018-09-03T11:23:52","date_gmt":"2018-09-03T09:23:52","guid":{"rendered":"http:\/\/www.leseditionssansnom.com\/?page_id=195"},"modified":"2021-09-14T13:55:10","modified_gmt":"2021-09-14T11:55:10","slug":"collections","status":"publish","type":"page","link":"https:\/\/www.leseditionssansnom.com\/index.php\/collections\/","title":{"rendered":"Les Collections Sans Nom"},"content":{"rendered":"<h3>Collection DANS LE SAC<\/h3>\n<p>Des livres broch\u00e9s au format Digest (15&#215;23) qui tiennent dans un sac et accompagne vos longs trajets.<\/p>\n<p>Nous privil\u00e9gions les romans et les essais dans cette collection.<\/p>\n<p>Prix unique de 15\u20ac<\/p>\n<hr>\n<h3>Collection DANS LA POCHE<\/h3>\n<p>Des livres broch\u00e9s au format petit poche (10&#215;15), aussi gros qu&rsquo;un machin connect\u00e9, mais en plus intelligent !<\/p>\n<p>Au prix unique de 10\u20ac, vous trouverez tous les styles de genre dans cette collection : Recueils, po\u00e9sie, novellas, essais, graphisme et plus encore.<\/p>\n","protected":false},"excerpt":{"rendered":"<p>Collection DANS LE SAC Des livres broch\u00e9s au format Digest (15&#215;23) qui tiennent dans un sac et accompagne vos longs trajets. Nous privil\u00e9gions les romans&hellip; <\/p>\n","protected":false},"author":1,"featured_media":0,"parent":0,"menu_order":0,"comment_status":"closed","ping_status":"closed","template":"page-templates\/contact-template.php","meta":[],"yoast_head":"<!-- This site is optimized with the Yoast SEO plugin v17.1 - https:\/\/yoast.com\/wordpress\/plugins\/seo\/ -->\n<title>Les Collections Sans Nom &bull; Les \u00c9ditions Sans Nom<\/title>\n<meta name=\"description\" content=\"Collection &quot;Dans ta poche&quot;, collection &quot;dans ton sac&quot;, format souple et petit prix\" \/>\n<meta name=\"robots\" content=\"index, follow, max-snippet:-1, max-image-preview:large, max-video-preview:-1\" \/>\n<link rel=\"canonical\" href=\"https:\/\/www.leseditionssansnom.com\/index.php\/collections\/\" \/>\n<meta property=\"og:locale\" content=\"fr_FR\" \/>\n<meta property=\"og:type\" content=\"article\" \/>\n<meta property=\"og:title\" content=\"Les Collections Sans Nom &bull; Les \u00c9ditions Sans Nom\" \/>\n<meta property=\"og:description\" content=\"Collection &quot;Dans ta poche&quot;, collection &quot;dans ton sac&quot;, format souple et petit prix\" \/>\n<meta property=\"og:url\" content=\"https:\/\/www.leseditionssansnom.com\/index.php\/collections\/\" \/>\n<meta property=\"og:site_name\" content=\"Les \u00c9ditions Sans Nom\" \/>\n<meta property=\"article:modified_time\" content=\"2021-09-14T11:55:10+00:00\" \/>\n<meta name=\"twitter:card\" content=\"summary_large_image\" \/>\n<meta name=\"twitter:label1\" content=\"Dur\u00e9e de lecture est.\" \/>\n\t<meta name=\"twitter:data1\" content=\"1 minute\" \/>\n<script type=\"application\/ld+json\" class=\"yoast-schema-graph\">{\"@context\":\"https:\/\/schema.org\",\"@graph\":[{\"@type\":\"WebSite\",\"@id\":\"https:\/\/www.leseditionssansnom.com\/#website\",\"url\":\"https:\/\/www.leseditionssansnom.com\/\",\"name\":\"Les \\u00c9ditions Sans Nom\",\"description\":\"une maison d&#039;\\u00e9dition ind\\u00e9pendante et autog\\u00e9r\\u00e9e, bas\\u00e9e \\u00e0 Toulouse\",\"potentialAction\":[{\"@type\":\"SearchAction\",\"target\":{\"@type\":\"EntryPoint\",\"urlTemplate\":\"https:\/\/www.leseditionssansnom.com\/?s={search_term_string}\"},\"query-input\":\"required name=search_term_string\"}],\"inLanguage\":\"fr-FR\"},{\"@type\":\"WebPage\",\"@id\":\"https:\/\/www.leseditionssansnom.com\/index.php\/collections\/#webpage\",\"url\":\"https:\/\/www.leseditionssansnom.com\/index.php\/collections\/\",\"name\":\"Les Collections Sans Nom &bull; Les \\u00c9ditions Sans Nom\",\"isPartOf\":{\"@id\":\"https:\/\/www.leseditionssansnom.com\/#website\"},\"datePublished\":\"2018-09-03T09:23:52+00:00\",\"dateModified\":\"2021-09-14T11:55:10+00:00\",\"description\":\"Collection \\\"Dans ta poche\\\", collection \\\"dans ton sac\\\", format souple et petit prix\",\"breadcrumb\":{\"@id\":\"https:\/\/www.leseditionssansnom.com\/index.php\/collections\/#breadcrumb\"},\"inLanguage\":\"fr-FR\",\"potentialAction\":[{\"@type\":\"ReadAction\",\"target\":[\"https:\/\/www.leseditionssansnom.com\/index.php\/collections\/\"]}]},{\"@type\":\"BreadcrumbList\",\"@id\":\"https:\/\/www.leseditionssansnom.com\/index.php\/collections\/#breadcrumb\",\"itemListElement\":[{\"@type\":\"ListItem\",\"position\":1,\"name\":\"Accueil\",\"item\":\"https:\/\/www.leseditionssansnom.com\/\"},{\"@type\":\"ListItem\",\"position\":2,\"name\":\"Les Collections Sans Nom\"}]}]}<\/script>\n<!-- \/ Yoast SEO plugin. -->","yoast_head_json":{"title":"Les Collections Sans Nom &bull; Les \u00c9ditions Sans Nom","description":"Collection \"Dans ta poche\", collection \"dans ton sac\", format souple et petit prix","robots":{"index":"index","follow":"follow","max-snippet":"max-snippet:-1","max-image-preview":"max-image-preview:large","max-video-preview":"max-video-preview:-1"},"canonical":"https:\/\/www.leseditionssansnom.com\/index.php\/collections\/","og_locale":"fr_FR","og_type":"article","og_title":"Les Collections Sans Nom &bull; Les \u00c9ditions Sans Nom","og_description":"Collection \"Dans ta poche\", collection \"dans ton sac\", format souple et petit prix","og_url":"https:\/\/www.leseditionssansnom.com\/index.php\/collections\/","og_site_name":"Les \u00c9ditions Sans Nom","article_modified_time":"2021-09-14T11:55:10+00:00","twitter_card":"summary_large_image","twitter_misc":{"Dur\u00e9e de lecture est.":"1 minute"},"schema":{"@context":"https:\/\/schema.org","@graph":[{"@type":"WebSite","@id":"https:\/\/www.leseditionssansnom.com\/#website","url":"https:\/\/www.leseditionssansnom.com\/","name":"Les \u00c9ditions Sans Nom","description":"une maison d&#039;\u00e9dition ind\u00e9pendante et autog\u00e9r\u00e9e, bas\u00e9e \u00e0 Toulouse","potentialAction":[{"@type":"SearchAction","target":{"@type":"EntryPoint","urlTemplate":"https:\/\/www.leseditionssansnom.com\/?s={search_term_string}"},"query-input":"required name=search_term_string"}],"inLanguage":"fr-FR"},{"@type":"WebPage","@id":"https:\/\/www.leseditionssansnom.com\/index.php\/collections\/#webpage","url":"https:\/\/www.leseditionssansnom.com\/index.php\/collections\/","name":"Les Collections Sans Nom &bull; Les \u00c9ditions Sans Nom","isPartOf":{"@id":"https:\/\/www.leseditionssansnom.com\/#website"},"datePublished":"2018-09-03T09:23:52+00:00","dateModified":"2021-09-14T11:55:10+00:00","description":"Collection \"Dans ta poche\", collection \"dans ton sac\", format souple et petit prix","breadcrumb":{"@id":"https:\/\/www.leseditionssansnom.com\/index.php\/collections\/#breadcrumb"},"inLanguage":"fr-FR","potentialAction":[{"@type":"ReadAction","target":["https:\/\/www.leseditionssansnom.com\/index.php\/collections\/"]}]},{"@type":"BreadcrumbList","@id":"https:\/\/www.leseditionssansnom.com\/index.php\/collections\/#breadcrumb","itemListElement":[{"@type":"ListItem","position":1,"name":"Accueil","item":"https:\/\/www.leseditionssansnom.com\/"},{"@type":"ListItem","position":2,"name":"Les Collections Sans Nom"}]}]}},"_links":{"self":[{"href":"https:\/\/www.leseditionssansnom.com\/index.php\/wp-json\/wp\/v2\/pages\/195"}],"collection":[{"href":"https:\/\/www.leseditionssansnom.com\/index.php\/wp-json\/wp\/v2\/pages"}],"about":[{"href":"https:\/\/www.leseditionssansnom.com\/index.php\/wp-json\/wp\/v2\/types\/page"}],"author":[{"embeddable":true,"href":"https:\/\/www.leseditionssansnom.com\/index.php\/wp-json\/wp\/v2\/users\/1"}],"replies":[{"embeddable":true,"href":"https:\/\/www.leseditionssansnom.com\/index.php\/wp-json\/wp\/v2\/comments?post=195"}],"version-history":[{"count":5,"href":"https:\/\/www.leseditionssansnom.com\/index.php\/wp-json\/wp\/v2\/pages\/195\/revisions"}],"predecessor-version":[{"id":409,"href":"https:\/\/www.leseditionssansnom.com\/index.php\/wp-json\/wp\/v2\/pages\/195\/revisions\/409"}],"wp:attachment":[{"href":"https:\/\/www.leseditionssansnom.com\/index.php\/wp-json\/wp\/v2\/media?parent=195"}],"curies":[{"name":"wp","href":"https:\/\/api.w.org\/{rel}","templated":true}]}}