{"id":159,"date":"2018-08-31T15:50:18","date_gmt":"2018-08-31T13:50:18","guid":{"rendered":"http:\/\/www.leseditionssansnom.com\/?page_id=159"},"modified":"2021-09-14T14:01:30","modified_gmt":"2021-09-14T12:01:30","slug":"qui-est-sans-nom","status":"publish","type":"page","link":"https:\/\/www.leseditionssansnom.com\/index.php\/qui-est-sans-nom\/","title":{"rendered":"Qui est Sans Nom ?"},"content":{"rendered":"<blockquote>\n<p>Nous sommes sans nom car nous n&rsquo;avons pas voix aux chapitres.<br \/>Nous sommes sans nom car il importe peu.<br \/>Nous sommes sans nom car nous pourrions \u00eatre un comme dix mille.<\/p>\n<\/blockquote>\n<p>Les \u00c9ditions Sans Nom sont une maison d&rsquo;\u00e9dition ind\u00e9pendante qui s&rsquo;est mont\u00e9e <em>collectivement<\/em> sur la r\u00e9gion toulousaine. C&rsquo;est avant tout une rencontre d&rsquo;auteures et d&rsquo;auteurs motiv\u00e9s et d\u00e9sireux de faire quelque chose <em>ensemble<\/em>.<\/p>\n<p>Notre ligne \u00e9ditoriale est volontairement, obstin\u00e9ment, absurdement <em>\u00e9clectique<\/em> : de la litt\u00e9rature de genre, des essais politiques, de la po\u00e9sie ou encore des r\u00e9cits autobiographiques d\u00e9cal\u00e9s. Vous entrez dans notre maison comme vous rentrez chez votre libraire f\u00e9tiche : vous y trouverez votre bonheur \u00e0 un moment ou \u00e0 un autre.<\/p>\n<p>Si notre <em>ton<\/em> peut sembler sombre, cela ne l&rsquo;est jamais gratuitement.<\/p>\n<p>Le n\u0153ud central de cette profusion de style \u00e9tant le <em>principe de la diagonale<\/em> : de la science-fiction <em>politique<\/em>, de l&rsquo;histoire <em>populaire<\/em>, de la vie <em>sublim\u00e9e<\/em>, des po\u00e8mes <em>d\u00e9chiquet\u00e9s<\/em>&#8230;<\/p>\n<p>Structur\u00e9e sur le mod\u00e8le d&rsquo;une association coll\u00e9giale, Les \u00c9ditions Sans Nom publient des livres \u00e0 compte d&rsquo;\u00e9diteur, privil\u00e9giant r\u00e9mun\u00e9rer les auteur.e.s au profit de la structure, ce qui rend le mod\u00e8le viable.<\/p>\n<h5>SANS DRM ?<\/h5>\n<p>Car vous pourrez t\u00e9l\u00e9charger tous nos livres au format num\u00e9rique, et les faire lire \u00e0 qui bon vous semble. Le principe \u00e9tant de lire, n&rsquo;est-ce pas ?<\/p>\n<h5>SANS FRONTIERES ?<\/h5>\n<p>Car notre maison d&rsquo;\u00e9dition assume tous les styles, leurs m\u00e9langes et leurs d\u00e9fragmentations<\/p>\n<h5>SANS CHEF ?<\/h5>\n<p>Car Les Editions Sans Nom sont g\u00e9r\u00e9es coll\u00e9gialement : comit\u00e9 de lecture, corrections, relectures, \u00e9ditions, mises en page et gestion de la structure, toutes ces d\u00e9cisions sont prises ensemble.<\/p>\n<p>\u00a0<\/p>\n<p><a href=\"https:\/\/www.leseditionssansnom.com\/index.php\/informations-legales\/\">Nos statuts associatifs<\/a><\/p>\n\n\n<p><\/p>\n","protected":false},"excerpt":{"rendered":"<p>Nous sommes sans nom car nous n&rsquo;avons pas voix aux chapitres.Nous sommes sans nom car il importe peu.Nous sommes sans nom car nous pourrions \u00eatre&hellip; <\/p>\n","protected":false},"author":1,"featured_media":0,"parent":0,"menu_order":0,"comment_status":"closed","ping_status":"closed","template":"page-templates\/contact-template.php","meta":[],"yoast_head":"<!-- This site is optimized with the Yoast SEO plugin v17.1 - https:\/\/yoast.com\/wordpress\/plugins\/seo\/ -->\n<title>Qui est Sans Nom ? &bull; Les \u00c9ditions Sans Nom<\/title>\n<meta name=\"description\" content=\"Le n\u0153ud central de cette profusion de style \u00e9tant le principe de la diagonale : de la science-fiction politique, de l&#039;histoire populaire, de la vie sublim\u00e9e, des po\u00e8mes d\u00e9chiquet\u00e9s...\" \/>\n<meta name=\"robots\" content=\"index, follow, max-snippet:-1, max-image-preview:large, max-video-preview:-1\" \/>\n<link rel=\"canonical\" href=\"https:\/\/www.leseditionssansnom.com\/index.php\/qui-est-sans-nom\/\" \/>\n<meta property=\"og:locale\" content=\"fr_FR\" \/>\n<meta property=\"og:type\" content=\"article\" \/>\n<meta property=\"og:title\" content=\"Qui est Sans Nom ? &bull; Les \u00c9ditions Sans Nom\" \/>\n<meta property=\"og:description\" content=\"Le n\u0153ud central de cette profusion de style \u00e9tant le principe de la diagonale : de la science-fiction politique, de l&#039;histoire populaire, de la vie sublim\u00e9e, des po\u00e8mes d\u00e9chiquet\u00e9s...\" \/>\n<meta property=\"og:url\" content=\"https:\/\/www.leseditionssansnom.com\/index.php\/qui-est-sans-nom\/\" \/>\n<meta property=\"og:site_name\" content=\"Les \u00c9ditions Sans Nom\" \/>\n<meta property=\"article:modified_time\" content=\"2021-09-14T12:01:30+00:00\" \/>\n<meta name=\"twitter:card\" content=\"summary_large_image\" \/>\n<meta name=\"twitter:label1\" content=\"Dur\u00e9e de lecture est.\" \/>\n\t<meta name=\"twitter:data1\" content=\"2 minutes\" \/>\n<script type=\"application\/ld+json\" class=\"yoast-schema-graph\">{\"@context\":\"https:\/\/schema.org\",\"@graph\":[{\"@type\":\"WebSite\",\"@id\":\"https:\/\/www.leseditionssansnom.com\/#website\",\"url\":\"https:\/\/www.leseditionssansnom.com\/\",\"name\":\"Les \\u00c9ditions Sans Nom\",\"description\":\"une maison d&#039;\\u00e9dition ind\\u00e9pendante et autog\\u00e9r\\u00e9e, bas\\u00e9e \\u00e0 Toulouse\",\"potentialAction\":[{\"@type\":\"SearchAction\",\"target\":{\"@type\":\"EntryPoint\",\"urlTemplate\":\"https:\/\/www.leseditionssansnom.com\/?s={search_term_string}\"},\"query-input\":\"required name=search_term_string\"}],\"inLanguage\":\"fr-FR\"},{\"@type\":\"WebPage\",\"@id\":\"https:\/\/www.leseditionssansnom.com\/index.php\/qui-est-sans-nom\/#webpage\",\"url\":\"https:\/\/www.leseditionssansnom.com\/index.php\/qui-est-sans-nom\/\",\"name\":\"Qui est Sans Nom ? &bull; Les \\u00c9ditions Sans Nom\",\"isPartOf\":{\"@id\":\"https:\/\/www.leseditionssansnom.com\/#website\"},\"datePublished\":\"2018-08-31T13:50:18+00:00\",\"dateModified\":\"2021-09-14T12:01:30+00:00\",\"description\":\"Le n\\u0153ud central de cette profusion de style \\u00e9tant le principe de la diagonale : de la science-fiction politique, de l'histoire populaire, de la vie sublim\\u00e9e, des po\\u00e8mes d\\u00e9chiquet\\u00e9s...\",\"breadcrumb\":{\"@id\":\"https:\/\/www.leseditionssansnom.com\/index.php\/qui-est-sans-nom\/#breadcrumb\"},\"inLanguage\":\"fr-FR\",\"potentialAction\":[{\"@type\":\"ReadAction\",\"target\":[\"https:\/\/www.leseditionssansnom.com\/index.php\/qui-est-sans-nom\/\"]}]},{\"@type\":\"BreadcrumbList\",\"@id\":\"https:\/\/www.leseditionssansnom.com\/index.php\/qui-est-sans-nom\/#breadcrumb\",\"itemListElement\":[{\"@type\":\"ListItem\",\"position\":1,\"name\":\"Accueil\",\"item\":\"https:\/\/www.leseditionssansnom.com\/\"},{\"@type\":\"ListItem\",\"position\":2,\"name\":\"Qui est Sans Nom ?\"}]}]}<\/script>\n<!-- \/ Yoast SEO plugin. -->","yoast_head_json":{"title":"Qui est Sans Nom ? &bull; Les \u00c9ditions Sans Nom","description":"Le n\u0153ud central de cette profusion de style \u00e9tant le principe de la diagonale : de la science-fiction politique, de l'histoire populaire, de la vie sublim\u00e9e, des po\u00e8mes d\u00e9chiquet\u00e9s...","robots":{"index":"index","follow":"follow","max-snippet":"max-snippet:-1","max-image-preview":"max-image-preview:large","max-video-preview":"max-video-preview:-1"},"canonical":"https:\/\/www.leseditionssansnom.com\/index.php\/qui-est-sans-nom\/","og_locale":"fr_FR","og_type":"article","og_title":"Qui est Sans Nom ? &bull; Les \u00c9ditions Sans Nom","og_description":"Le n\u0153ud central de cette profusion de style \u00e9tant le principe de la diagonale : de la science-fiction politique, de l'histoire populaire, de la vie sublim\u00e9e, des po\u00e8mes d\u00e9chiquet\u00e9s...","og_url":"https:\/\/www.leseditionssansnom.com\/index.php\/qui-est-sans-nom\/","og_site_name":"Les \u00c9ditions Sans Nom","article_modified_time":"2021-09-14T12:01:30+00:00","twitter_card":"summary_large_image","twitter_misc":{"Dur\u00e9e de lecture est.":"2 minutes"},"schema":{"@context":"https:\/\/schema.org","@graph":[{"@type":"WebSite","@id":"https:\/\/www.leseditionssansnom.com\/#website","url":"https:\/\/www.leseditionssansnom.com\/","name":"Les \u00c9ditions Sans Nom","description":"une maison d&#039;\u00e9dition ind\u00e9pendante et autog\u00e9r\u00e9e, bas\u00e9e \u00e0 Toulouse","potentialAction":[{"@type":"SearchAction","target":{"@type":"EntryPoint","urlTemplate":"https:\/\/www.leseditionssansnom.com\/?s={search_term_string}"},"query-input":"required name=search_term_string"}],"inLanguage":"fr-FR"},{"@type":"WebPage","@id":"https:\/\/www.leseditionssansnom.com\/index.php\/qui-est-sans-nom\/#webpage","url":"https:\/\/www.leseditionssansnom.com\/index.php\/qui-est-sans-nom\/","name":"Qui est Sans Nom ? &bull; Les \u00c9ditions Sans Nom","isPartOf":{"@id":"https:\/\/www.leseditionssansnom.com\/#website"},"datePublished":"2018-08-31T13:50:18+00:00","dateModified":"2021-09-14T12:01:30+00:00","description":"Le n\u0153ud central de cette profusion de style \u00e9tant le principe de la diagonale : de la science-fiction politique, de l'histoire populaire, de la vie sublim\u00e9e, des po\u00e8mes d\u00e9chiquet\u00e9s...","breadcrumb":{"@id":"https:\/\/www.leseditionssansnom.com\/index.php\/qui-est-sans-nom\/#breadcrumb"},"inLanguage":"fr-FR","potentialAction":[{"@type":"ReadAction","target":["https:\/\/www.leseditionssansnom.com\/index.php\/qui-est-sans-nom\/"]}]},{"@type":"BreadcrumbList","@id":"https:\/\/www.leseditionssansnom.com\/index.php\/qui-est-sans-nom\/#breadcrumb","itemListElement":[{"@type":"ListItem","position":1,"name":"Accueil","item":"https:\/\/www.leseditionssansnom.com\/"},{"@type":"ListItem","position":2,"name":"Qui est Sans Nom ?"}]}]}},"_links":{"self":[{"href":"https:\/\/www.leseditionssansnom.com\/index.php\/wp-json\/wp\/v2\/pages\/159"}],"collection":[{"href":"https:\/\/www.leseditionssansnom.com\/index.php\/wp-json\/wp\/v2\/pages"}],"about":[{"href":"https:\/\/www.leseditionssansnom.com\/index.php\/wp-json\/wp\/v2\/types\/page"}],"author":[{"embeddable":true,"href":"https:\/\/www.leseditionssansnom.com\/index.php\/wp-json\/wp\/v2\/users\/1"}],"replies":[{"embeddable":true,"href":"https:\/\/www.leseditionssansnom.com\/index.php\/wp-json\/wp\/v2\/comments?post=159"}],"version-history":[{"count":6,"href":"https:\/\/www.leseditionssansnom.com\/index.php\/wp-json\/wp\/v2\/pages\/159\/revisions"}],"predecessor-version":[{"id":412,"href":"https:\/\/www.leseditionssansnom.com\/index.php\/wp-json\/wp\/v2\/pages\/159\/revisions\/412"}],"wp:attachment":[{"href":"https:\/\/www.leseditionssansnom.com\/index.php\/wp-json\/wp\/v2\/media?parent=159"}],"curies":[{"name":"wp","href":"https:\/\/api.w.org\/{rel}","templated":true}]}}