{"id":148,"date":"2018-08-30T17:35:58","date_gmt":"2018-08-30T15:35:58","guid":{"rendered":"http:\/\/www.leseditionssansnom.com\/?page_id=148"},"modified":"2022-03-08T14:36:45","modified_gmt":"2022-03-08T13:36:45","slug":"auteur-e-s","status":"publish","type":"page","link":"https:\/\/www.leseditionssansnom.com\/index.php\/auteur-e-s\/","title":{"rendered":"Auteur.e.s"},"content":{"rendered":"<p style=\"text-align: center;\"><span style=\"font-size: 14pt;\"><a href=\"https:\/\/www.leseditionssansnom.com\/index.php\/auteur-e-s\/david-bolon\/\">david bolon<\/a><\/span><\/p>\n<p style=\"text-align: center;\"><span style=\"font-size: 14pt;\">\u00a0 \u00a0 \u00a0 \u00a0 \u00a0 \u00a0 \u00a0 \u00a0 \u00a0 \u00a0 \u00a0 \u00a0 \u00a0 \u00a0 \u00a0\u00a0 \u00a0\u00a0 \u00a0<a href=\"https:\/\/www.leseditionssansnom.com\/index.php\/auteur-e-s\/hafid-saidi\/\">hafid sa\u00efdi<\/a><\/span><\/p>\n<p style=\"text-align: center;\"><span style=\"font-size: 14pt;\"><a href=\"https:\/\/www.leseditionssansnom.com\/index.php\/auteur-e-s\/francoise-longeard\/\">francoise longeard<\/a>\u00a0 \u00a0 \u00a0 \u00a0 \u00a0 \u00a0 \u00a0 \u00a0 \u00a0 \u00a0 \u00a0 \u00a0 \u00a0 \u00a0 \u00a0 \u00a0 \u00a0<\/span><\/p>\n<p style=\"text-align: center;\"><span style=\"font-size: 14pt;\">\u00a0 \u00a0 \u00a0 \u00a0 \u00a0 \u00a0 \u00a0 \u00a0 \u00a0 \u00a0 \u00a0<a href=\"https:\/\/www.leseditionssansnom.com\/index.php\/auteur-e-s\/les-editions-sans-nom-talionh-kaard\/\">talion&rsquo;h ka\u00e4rd<\/a><\/span><\/p>\n<p style=\"text-align: center;\"><span style=\"font-size: 14pt;\">\u00a0 \u00a0 \u00a0 \u00a0 \u00a0 \u00a0 \u00a0 \u00a0 \u00a0 \u00a0 \u00a0 \u00a0 \u00a0 \u00a0 \u00a0 \u00a0 \u00a0 \u00a0 \u00a0 \u00a0 \u00a0 \u00a0 \u00a0 \u00a0 \u00a0 \u00a0 \u00a0 \u00a0 \u00a0 \u00a0 \u00a0 \u00a0 \u00a0\u00a0\u00a0\u00a0 <a href=\"https:\/\/www.leseditionssansnom.com\/index.php\/auteur-e-s\/les-editions-sans-nom-guillaume-de-gracia\/\">guillaume de gracia<\/a><\/span><\/p>\n<p style=\"text-align: center;\"><span style=\"font-size: 14pt;\">\u00a0 \u00a0 \u00a0 \u00a0 \u00a0 \u00a0 \u00a0 \u00a0 \u00a0<a href=\"https:\/\/www.leseditionssansnom.com\/index.php\/auteur-e-s\/dominique-martre\/\">dominique martre<\/a><\/span><\/p>\n<p style=\"text-align: center;\"><span style=\"font-size: 14pt;\"><a href=\"https:\/\/www.leseditionssansnom.com\/index.php\/auteur-e-s\/benedicte-rossignol\/\">b\u00e9n\u00e9dicte rossignol<\/a>\u00a0 \u00a0 \u00a0 \u00a0 \u00a0 \u00a0 \u00a0 \u00a0 \u00a0<\/span><\/p>\n","protected":false},"excerpt":{"rendered":"<p>david bolon \u00a0 \u00a0 \u00a0 \u00a0 \u00a0 \u00a0 \u00a0 \u00a0 \u00a0 \u00a0 \u00a0 \u00a0 \u00a0 \u00a0 \u00a0\u00a0 \u00a0\u00a0 \u00a0hafid sa\u00efdi francoise longeard\u00a0 \u00a0 \u00a0 \u00a0&hellip; <\/p>\n","protected":false},"author":1,"featured_media":0,"parent":0,"menu_order":0,"comment_status":"closed","ping_status":"closed","template":"page-templates\/aboutus-template.php","meta":[],"yoast_head":"<!-- This site is optimized with the Yoast SEO plugin v17.1 - https:\/\/yoast.com\/wordpress\/plugins\/seo\/ -->\n<title>Auteur.e.s &bull; Les \u00c9ditions Sans Nom<\/title>\n<meta name=\"description\" content=\"Les auteures et auteurs des \u00c9ditions Sans Nom en ont un (ou plusieurs), des noms.\" \/>\n<meta name=\"robots\" content=\"index, follow, max-snippet:-1, max-image-preview:large, max-video-preview:-1\" \/>\n<link rel=\"canonical\" href=\"https:\/\/www.leseditionssansnom.com\/index.php\/auteur-e-s\/\" \/>\n<meta property=\"og:locale\" content=\"fr_FR\" \/>\n<meta property=\"og:type\" content=\"article\" \/>\n<meta property=\"og:title\" content=\"Auteur.e.s &bull; Les \u00c9ditions Sans Nom\" \/>\n<meta property=\"og:description\" content=\"Les auteures et auteurs des \u00c9ditions Sans Nom en ont un (ou plusieurs), des noms.\" \/>\n<meta property=\"og:url\" content=\"https:\/\/www.leseditionssansnom.com\/index.php\/auteur-e-s\/\" \/>\n<meta property=\"og:site_name\" content=\"Les \u00c9ditions Sans Nom\" \/>\n<meta property=\"article:modified_time\" content=\"2022-03-08T13:36:45+00:00\" \/>\n<meta name=\"twitter:card\" content=\"summary_large_image\" \/>\n<meta name=\"twitter:label1\" content=\"Dur\u00e9e de lecture est.\" \/>\n\t<meta name=\"twitter:data1\" content=\"1 minute\" \/>\n<script type=\"application\/ld+json\" class=\"yoast-schema-graph\">{\"@context\":\"https:\/\/schema.org\",\"@graph\":[{\"@type\":\"WebSite\",\"@id\":\"https:\/\/www.leseditionssansnom.com\/#website\",\"url\":\"https:\/\/www.leseditionssansnom.com\/\",\"name\":\"Les \\u00c9ditions Sans Nom\",\"description\":\"une maison d&#039;\\u00e9dition ind\\u00e9pendante et autog\\u00e9r\\u00e9e, bas\\u00e9e \\u00e0 Toulouse\",\"potentialAction\":[{\"@type\":\"SearchAction\",\"target\":{\"@type\":\"EntryPoint\",\"urlTemplate\":\"https:\/\/www.leseditionssansnom.com\/?s={search_term_string}\"},\"query-input\":\"required name=search_term_string\"}],\"inLanguage\":\"fr-FR\"},{\"@type\":\"WebPage\",\"@id\":\"https:\/\/www.leseditionssansnom.com\/index.php\/auteur-e-s\/#webpage\",\"url\":\"https:\/\/www.leseditionssansnom.com\/index.php\/auteur-e-s\/\",\"name\":\"Auteur.e.s &bull; Les \\u00c9ditions Sans Nom\",\"isPartOf\":{\"@id\":\"https:\/\/www.leseditionssansnom.com\/#website\"},\"datePublished\":\"2018-08-30T15:35:58+00:00\",\"dateModified\":\"2022-03-08T13:36:45+00:00\",\"description\":\"Les auteures et auteurs des \\u00c9ditions Sans Nom en ont un (ou plusieurs), des noms.\",\"breadcrumb\":{\"@id\":\"https:\/\/www.leseditionssansnom.com\/index.php\/auteur-e-s\/#breadcrumb\"},\"inLanguage\":\"fr-FR\",\"potentialAction\":[{\"@type\":\"ReadAction\",\"target\":[\"https:\/\/www.leseditionssansnom.com\/index.php\/auteur-e-s\/\"]}]},{\"@type\":\"BreadcrumbList\",\"@id\":\"https:\/\/www.leseditionssansnom.com\/index.php\/auteur-e-s\/#breadcrumb\",\"itemListElement\":[{\"@type\":\"ListItem\",\"position\":1,\"name\":\"Accueil\",\"item\":\"https:\/\/www.leseditionssansnom.com\/\"},{\"@type\":\"ListItem\",\"position\":2,\"name\":\"Auteur.e.s\"}]}]}<\/script>\n<!-- \/ Yoast SEO plugin. -->","yoast_head_json":{"title":"Auteur.e.s &bull; Les \u00c9ditions Sans Nom","description":"Les auteures et auteurs des \u00c9ditions Sans Nom en ont un (ou plusieurs), des noms.","robots":{"index":"index","follow":"follow","max-snippet":"max-snippet:-1","max-image-preview":"max-image-preview:large","max-video-preview":"max-video-preview:-1"},"canonical":"https:\/\/www.leseditionssansnom.com\/index.php\/auteur-e-s\/","og_locale":"fr_FR","og_type":"article","og_title":"Auteur.e.s &bull; Les \u00c9ditions Sans Nom","og_description":"Les auteures et auteurs des \u00c9ditions Sans Nom en ont un (ou plusieurs), des noms.","og_url":"https:\/\/www.leseditionssansnom.com\/index.php\/auteur-e-s\/","og_site_name":"Les \u00c9ditions Sans Nom","article_modified_time":"2022-03-08T13:36:45+00:00","twitter_card":"summary_large_image","twitter_misc":{"Dur\u00e9e de lecture est.":"1 minute"},"schema":{"@context":"https:\/\/schema.org","@graph":[{"@type":"WebSite","@id":"https:\/\/www.leseditionssansnom.com\/#website","url":"https:\/\/www.leseditionssansnom.com\/","name":"Les \u00c9ditions Sans Nom","description":"une maison d&#039;\u00e9dition ind\u00e9pendante et autog\u00e9r\u00e9e, bas\u00e9e \u00e0 Toulouse","potentialAction":[{"@type":"SearchAction","target":{"@type":"EntryPoint","urlTemplate":"https:\/\/www.leseditionssansnom.com\/?s={search_term_string}"},"query-input":"required name=search_term_string"}],"inLanguage":"fr-FR"},{"@type":"WebPage","@id":"https:\/\/www.leseditionssansnom.com\/index.php\/auteur-e-s\/#webpage","url":"https:\/\/www.leseditionssansnom.com\/index.php\/auteur-e-s\/","name":"Auteur.e.s &bull; Les \u00c9ditions Sans Nom","isPartOf":{"@id":"https:\/\/www.leseditionssansnom.com\/#website"},"datePublished":"2018-08-30T15:35:58+00:00","dateModified":"2022-03-08T13:36:45+00:00","description":"Les auteures et auteurs des \u00c9ditions Sans Nom en ont un (ou plusieurs), des noms.","breadcrumb":{"@id":"https:\/\/www.leseditionssansnom.com\/index.php\/auteur-e-s\/#breadcrumb"},"inLanguage":"fr-FR","potentialAction":[{"@type":"ReadAction","target":["https:\/\/www.leseditionssansnom.com\/index.php\/auteur-e-s\/"]}]},{"@type":"BreadcrumbList","@id":"https:\/\/www.leseditionssansnom.com\/index.php\/auteur-e-s\/#breadcrumb","itemListElement":[{"@type":"ListItem","position":1,"name":"Accueil","item":"https:\/\/www.leseditionssansnom.com\/"},{"@type":"ListItem","position":2,"name":"Auteur.e.s"}]}]}},"_links":{"self":[{"href":"https:\/\/www.leseditionssansnom.com\/index.php\/wp-json\/wp\/v2\/pages\/148"}],"collection":[{"href":"https:\/\/www.leseditionssansnom.com\/index.php\/wp-json\/wp\/v2\/pages"}],"about":[{"href":"https:\/\/www.leseditionssansnom.com\/index.php\/wp-json\/wp\/v2\/types\/page"}],"author":[{"embeddable":true,"href":"https:\/\/www.leseditionssansnom.com\/index.php\/wp-json\/wp\/v2\/users\/1"}],"replies":[{"embeddable":true,"href":"https:\/\/www.leseditionssansnom.com\/index.php\/wp-json\/wp\/v2\/comments?post=148"}],"version-history":[{"count":9,"href":"https:\/\/www.leseditionssansnom.com\/index.php\/wp-json\/wp\/v2\/pages\/148\/revisions"}],"predecessor-version":[{"id":536,"href":"https:\/\/www.leseditionssansnom.com\/index.php\/wp-json\/wp\/v2\/pages\/148\/revisions\/536"}],"wp:attachment":[{"href":"https:\/\/www.leseditionssansnom.com\/index.php\/wp-json\/wp\/v2\/media?parent=148"}],"curies":[{"name":"wp","href":"https:\/\/api.w.org\/{rel}","templated":true}]}}