{"id":109,"date":"2018-08-29T14:06:50","date_gmt":"2018-08-29T12:06:50","guid":{"rendered":"http:\/\/www.leseditionssansnom.com\/?page_id=109"},"modified":"2021-09-14T13:53:47","modified_gmt":"2021-09-14T11:53:47","slug":"les-editions-sans-nom-talionh-kaard","status":"publish","type":"page","link":"https:\/\/www.leseditionssansnom.com\/index.php\/auteur-e-s\/les-editions-sans-nom-talionh-kaard\/","title":{"rendered":"talion&rsquo;h ka\u00e4rd"},"content":{"rendered":"<p class=\"TEXTEGERROS\" style=\"margin-left: -21.3pt; text-indent: 21.3pt;\">Ecrivain de langue Fran\u00e7aise, talion\u2019h ka\u00e4rd est apparu lentement, autour des ann\u00e9es 1995, progressant dans le corps de l\u2019auteur \u00e0 pas feutr\u00e9s pour ne plus faire qu\u2019un, parfois. Apr\u00e8s des \u00e9tudes en Histoire de l\u2019Art qui ne lui ont rien apport\u00e9 de plus qu\u2019une insatisfaction \u00e0 s\u2019exprimer et un regard pessimiste sur la durabilit\u00e9 des choses, talion\u2019h ka\u00e4rd s\u2019engage dans un travail de photographies argentiques au quotidien. Pollu\u00e9 s\u00fbrement par ses \u00e9tudes en arch\u00e9ologie, il reste obs\u00e9d\u00e9 par les constructions et les habitats, persuad\u00e9 un peu na\u00efvement, \u00e0 la mani\u00e8re des anciens voleurs d\u2019\u00e2mes, qu\u2019il garde sur pellicule la seule trace tangible du passage de l\u2019\u00eatre humain sur la Terre.<\/p>\n<p class=\"TEXTEGERROS\" style=\"margin-left: -21.3pt; text-indent: 21.3pt;\">Parall\u00e8lement \u00e0 ce travail sur l\u2019instantan\u00e9, talion\u2019h ka\u00e4rd \u00e9crit de petits textes accompagnants parfois l\u2019ambiance d\u00e9labr\u00e9e de ses univers. Naviguant entre onirisme et futurisme, il d\u00e9cide un jour de recontextualiser plusieurs textes afin d\u2019en faire un corpus qui se tienne. Le travail litt\u00e9raire sur le long terme semble alors lui convenir et talion\u2019h ka\u00e4rd rejoint un atelier d\u2019\u00e9criture de sa r\u00e9gion, lui permettant d\u2019explorer, par des lectures crois\u00e9es et le dynamisme du groupe, les environnements perm\u00e9ables de l\u2019\u00e9criture.<\/p>\n","protected":false},"excerpt":{"rendered":"<p>Ecrivain de langue Fran\u00e7aise, talion\u2019h ka\u00e4rd est apparu lentement, autour des ann\u00e9es 1995, progressant dans le corps de l\u2019auteur \u00e0 pas feutr\u00e9s pour ne plus&hellip; <\/p>\n","protected":false},"author":1,"featured_media":0,"parent":148,"menu_order":0,"comment_status":"closed","ping_status":"closed","template":"page-templates\/aboutus-template.php","meta":[],"yoast_head":"<!-- This site is optimized with the Yoast SEO plugin v17.1 - https:\/\/yoast.com\/wordpress\/plugins\/seo\/ -->\n<title>talion&#039;h ka\u00e4rd &bull; Les \u00c9ditions Sans Nom<\/title>\n<meta name=\"description\" content=\"Ecrivain de langue Fran\u00e7aise, talion\u2019h ka\u00e4rd est apparu lentement, autour des ann\u00e9es 1995, progressant dans le corps de l\u2019auteur \u00e0 pas feutr\u00e9s pour ne plus faire qu\u2019un, parfois. Apr\u00e8s des \u00e9tudes en Histoire de l\u2019Art qui ne lui ont rien apport\u00e9 de plus qu\u2019une insatisfaction \u00e0 s\u2019exprimer et un regard pessimiste sur la durabilit\u00e9 des choses, talion\u2019h ka\u00e4rd s\u2019engage dans un travail de photographies argentiques au quotidien. Pollu\u00e9 s\u00fbrement par ses \u00e9tudes en arch\u00e9ologie, il reste obs\u00e9d\u00e9 par les constructions et les habitats, persuad\u00e9 un peu na\u00efvement, \u00e0 la mani\u00e8re des anciens voleurs d\u2019\u00e2mes, qu\u2019il garde sur pellicule la seule trace tangible du passage de l\u2019\u00eatre humain sur la Terre.\" \/>\n<meta name=\"robots\" content=\"index, follow, max-snippet:-1, max-image-preview:large, max-video-preview:-1\" \/>\n<link rel=\"canonical\" href=\"https:\/\/www.leseditionssansnom.com\/index.php\/auteur-e-s\/les-editions-sans-nom-talionh-kaard\/\" \/>\n<meta property=\"og:locale\" content=\"fr_FR\" \/>\n<meta property=\"og:type\" content=\"article\" \/>\n<meta property=\"og:title\" content=\"talion&#039;h ka\u00e4rd &bull; Les \u00c9ditions Sans Nom\" \/>\n<meta property=\"og:description\" content=\"Ecrivain de langue Fran\u00e7aise, talion\u2019h ka\u00e4rd est apparu lentement, autour des ann\u00e9es 1995, progressant dans le corps de l\u2019auteur \u00e0 pas feutr\u00e9s pour ne plus faire qu\u2019un, parfois. Apr\u00e8s des \u00e9tudes en Histoire de l\u2019Art qui ne lui ont rien apport\u00e9 de plus qu\u2019une insatisfaction \u00e0 s\u2019exprimer et un regard pessimiste sur la durabilit\u00e9 des choses, talion\u2019h ka\u00e4rd s\u2019engage dans un travail de photographies argentiques au quotidien. Pollu\u00e9 s\u00fbrement par ses \u00e9tudes en arch\u00e9ologie, il reste obs\u00e9d\u00e9 par les constructions et les habitats, persuad\u00e9 un peu na\u00efvement, \u00e0 la mani\u00e8re des anciens voleurs d\u2019\u00e2mes, qu\u2019il garde sur pellicule la seule trace tangible du passage de l\u2019\u00eatre humain sur la Terre.\" \/>\n<meta property=\"og:url\" content=\"https:\/\/www.leseditionssansnom.com\/index.php\/auteur-e-s\/les-editions-sans-nom-talionh-kaard\/\" \/>\n<meta property=\"og:site_name\" content=\"Les \u00c9ditions Sans Nom\" \/>\n<meta property=\"article:modified_time\" content=\"2021-09-14T11:53:47+00:00\" \/>\n<meta name=\"twitter:card\" content=\"summary_large_image\" \/>\n<meta name=\"twitter:label1\" content=\"Dur\u00e9e de lecture est.\" \/>\n\t<meta name=\"twitter:data1\" content=\"1 minute\" \/>\n<script type=\"application\/ld+json\" class=\"yoast-schema-graph\">{\"@context\":\"https:\/\/schema.org\",\"@graph\":[{\"@type\":\"WebSite\",\"@id\":\"https:\/\/www.leseditionssansnom.com\/#website\",\"url\":\"https:\/\/www.leseditionssansnom.com\/\",\"name\":\"Les \\u00c9ditions Sans Nom\",\"description\":\"une maison d&#039;\\u00e9dition ind\\u00e9pendante et autog\\u00e9r\\u00e9e, bas\\u00e9e \\u00e0 Toulouse\",\"potentialAction\":[{\"@type\":\"SearchAction\",\"target\":{\"@type\":\"EntryPoint\",\"urlTemplate\":\"https:\/\/www.leseditionssansnom.com\/?s={search_term_string}\"},\"query-input\":\"required name=search_term_string\"}],\"inLanguage\":\"fr-FR\"},{\"@type\":\"WebPage\",\"@id\":\"https:\/\/www.leseditionssansnom.com\/index.php\/auteur-e-s\/les-editions-sans-nom-talionh-kaard\/#webpage\",\"url\":\"https:\/\/www.leseditionssansnom.com\/index.php\/auteur-e-s\/les-editions-sans-nom-talionh-kaard\/\",\"name\":\"talion'h ka\\u00e4rd &bull; Les \\u00c9ditions Sans Nom\",\"isPartOf\":{\"@id\":\"https:\/\/www.leseditionssansnom.com\/#website\"},\"datePublished\":\"2018-08-29T12:06:50+00:00\",\"dateModified\":\"2021-09-14T11:53:47+00:00\",\"description\":\"Ecrivain de langue Fran\\u00e7aise, talion\\u2019h ka\\u00e4rd est apparu lentement, autour des ann\\u00e9es 1995, progressant dans le corps de l\\u2019auteur \\u00e0 pas feutr\\u00e9s pour ne plus faire qu\\u2019un, parfois. Apr\\u00e8s des \\u00e9tudes en Histoire de l\\u2019Art qui ne lui ont rien apport\\u00e9 de plus qu\\u2019une insatisfaction \\u00e0 s\\u2019exprimer et un regard pessimiste sur la durabilit\\u00e9 des choses, talion\\u2019h ka\\u00e4rd s\\u2019engage dans un travail de photographies argentiques au quotidien. Pollu\\u00e9 s\\u00fbrement par ses \\u00e9tudes en arch\\u00e9ologie, il reste obs\\u00e9d\\u00e9 par les constructions et les habitats, persuad\\u00e9 un peu na\\u00efvement, \\u00e0 la mani\\u00e8re des anciens voleurs d\\u2019\\u00e2mes, qu\\u2019il garde sur pellicule la seule trace tangible du passage de l\\u2019\\u00eatre humain sur la Terre.\",\"breadcrumb\":{\"@id\":\"https:\/\/www.leseditionssansnom.com\/index.php\/auteur-e-s\/les-editions-sans-nom-talionh-kaard\/#breadcrumb\"},\"inLanguage\":\"fr-FR\",\"potentialAction\":[{\"@type\":\"ReadAction\",\"target\":[\"https:\/\/www.leseditionssansnom.com\/index.php\/auteur-e-s\/les-editions-sans-nom-talionh-kaard\/\"]}]},{\"@type\":\"BreadcrumbList\",\"@id\":\"https:\/\/www.leseditionssansnom.com\/index.php\/auteur-e-s\/les-editions-sans-nom-talionh-kaard\/#breadcrumb\",\"itemListElement\":[{\"@type\":\"ListItem\",\"position\":1,\"name\":\"Accueil\",\"item\":\"https:\/\/www.leseditionssansnom.com\/\"},{\"@type\":\"ListItem\",\"position\":2,\"name\":\"Auteur.e.s\",\"item\":\"https:\/\/www.leseditionssansnom.com\/index.php\/auteur-e-s\/\"},{\"@type\":\"ListItem\",\"position\":3,\"name\":\"talion&rsquo;h ka\\u00e4rd\"}]}]}<\/script>\n<!-- \/ Yoast SEO plugin. -->","yoast_head_json":{"title":"talion'h ka\u00e4rd &bull; Les \u00c9ditions Sans Nom","description":"Ecrivain de langue Fran\u00e7aise, talion\u2019h ka\u00e4rd est apparu lentement, autour des ann\u00e9es 1995, progressant dans le corps de l\u2019auteur \u00e0 pas feutr\u00e9s pour ne plus faire qu\u2019un, parfois. Apr\u00e8s des \u00e9tudes en Histoire de l\u2019Art qui ne lui ont rien apport\u00e9 de plus qu\u2019une insatisfaction \u00e0 s\u2019exprimer et un regard pessimiste sur la durabilit\u00e9 des choses, talion\u2019h ka\u00e4rd s\u2019engage dans un travail de photographies argentiques au quotidien. Pollu\u00e9 s\u00fbrement par ses \u00e9tudes en arch\u00e9ologie, il reste obs\u00e9d\u00e9 par les constructions et les habitats, persuad\u00e9 un peu na\u00efvement, \u00e0 la mani\u00e8re des anciens voleurs d\u2019\u00e2mes, qu\u2019il garde sur pellicule la seule trace tangible du passage de l\u2019\u00eatre humain sur la Terre.","robots":{"index":"index","follow":"follow","max-snippet":"max-snippet:-1","max-image-preview":"max-image-preview:large","max-video-preview":"max-video-preview:-1"},"canonical":"https:\/\/www.leseditionssansnom.com\/index.php\/auteur-e-s\/les-editions-sans-nom-talionh-kaard\/","og_locale":"fr_FR","og_type":"article","og_title":"talion'h ka\u00e4rd &bull; Les \u00c9ditions Sans Nom","og_description":"Ecrivain de langue Fran\u00e7aise, talion\u2019h ka\u00e4rd est apparu lentement, autour des ann\u00e9es 1995, progressant dans le corps de l\u2019auteur \u00e0 pas feutr\u00e9s pour ne plus faire qu\u2019un, parfois. Apr\u00e8s des \u00e9tudes en Histoire de l\u2019Art qui ne lui ont rien apport\u00e9 de plus qu\u2019une insatisfaction \u00e0 s\u2019exprimer et un regard pessimiste sur la durabilit\u00e9 des choses, talion\u2019h ka\u00e4rd s\u2019engage dans un travail de photographies argentiques au quotidien. Pollu\u00e9 s\u00fbrement par ses \u00e9tudes en arch\u00e9ologie, il reste obs\u00e9d\u00e9 par les constructions et les habitats, persuad\u00e9 un peu na\u00efvement, \u00e0 la mani\u00e8re des anciens voleurs d\u2019\u00e2mes, qu\u2019il garde sur pellicule la seule trace tangible du passage de l\u2019\u00eatre humain sur la Terre.","og_url":"https:\/\/www.leseditionssansnom.com\/index.php\/auteur-e-s\/les-editions-sans-nom-talionh-kaard\/","og_site_name":"Les \u00c9ditions Sans Nom","article_modified_time":"2021-09-14T11:53:47+00:00","twitter_card":"summary_large_image","twitter_misc":{"Dur\u00e9e de lecture est.":"1 minute"},"schema":{"@context":"https:\/\/schema.org","@graph":[{"@type":"WebSite","@id":"https:\/\/www.leseditionssansnom.com\/#website","url":"https:\/\/www.leseditionssansnom.com\/","name":"Les \u00c9ditions Sans Nom","description":"une maison d&#039;\u00e9dition ind\u00e9pendante et autog\u00e9r\u00e9e, bas\u00e9e \u00e0 Toulouse","potentialAction":[{"@type":"SearchAction","target":{"@type":"EntryPoint","urlTemplate":"https:\/\/www.leseditionssansnom.com\/?s={search_term_string}"},"query-input":"required name=search_term_string"}],"inLanguage":"fr-FR"},{"@type":"WebPage","@id":"https:\/\/www.leseditionssansnom.com\/index.php\/auteur-e-s\/les-editions-sans-nom-talionh-kaard\/#webpage","url":"https:\/\/www.leseditionssansnom.com\/index.php\/auteur-e-s\/les-editions-sans-nom-talionh-kaard\/","name":"talion'h ka\u00e4rd &bull; Les \u00c9ditions Sans Nom","isPartOf":{"@id":"https:\/\/www.leseditionssansnom.com\/#website"},"datePublished":"2018-08-29T12:06:50+00:00","dateModified":"2021-09-14T11:53:47+00:00","description":"Ecrivain de langue Fran\u00e7aise, talion\u2019h ka\u00e4rd est apparu lentement, autour des ann\u00e9es 1995, progressant dans le corps de l\u2019auteur \u00e0 pas feutr\u00e9s pour ne plus faire qu\u2019un, parfois. Apr\u00e8s des \u00e9tudes en Histoire de l\u2019Art qui ne lui ont rien apport\u00e9 de plus qu\u2019une insatisfaction \u00e0 s\u2019exprimer et un regard pessimiste sur la durabilit\u00e9 des choses, talion\u2019h ka\u00e4rd s\u2019engage dans un travail de photographies argentiques au quotidien. Pollu\u00e9 s\u00fbrement par ses \u00e9tudes en arch\u00e9ologie, il reste obs\u00e9d\u00e9 par les constructions et les habitats, persuad\u00e9 un peu na\u00efvement, \u00e0 la mani\u00e8re des anciens voleurs d\u2019\u00e2mes, qu\u2019il garde sur pellicule la seule trace tangible du passage de l\u2019\u00eatre humain sur la Terre.","breadcrumb":{"@id":"https:\/\/www.leseditionssansnom.com\/index.php\/auteur-e-s\/les-editions-sans-nom-talionh-kaard\/#breadcrumb"},"inLanguage":"fr-FR","potentialAction":[{"@type":"ReadAction","target":["https:\/\/www.leseditionssansnom.com\/index.php\/auteur-e-s\/les-editions-sans-nom-talionh-kaard\/"]}]},{"@type":"BreadcrumbList","@id":"https:\/\/www.leseditionssansnom.com\/index.php\/auteur-e-s\/les-editions-sans-nom-talionh-kaard\/#breadcrumb","itemListElement":[{"@type":"ListItem","position":1,"name":"Accueil","item":"https:\/\/www.leseditionssansnom.com\/"},{"@type":"ListItem","position":2,"name":"Auteur.e.s","item":"https:\/\/www.leseditionssansnom.com\/index.php\/auteur-e-s\/"},{"@type":"ListItem","position":3,"name":"talion&rsquo;h ka\u00e4rd"}]}]}},"_links":{"self":[{"href":"https:\/\/www.leseditionssansnom.com\/index.php\/wp-json\/wp\/v2\/pages\/109"}],"collection":[{"href":"https:\/\/www.leseditionssansnom.com\/index.php\/wp-json\/wp\/v2\/pages"}],"about":[{"href":"https:\/\/www.leseditionssansnom.com\/index.php\/wp-json\/wp\/v2\/types\/page"}],"author":[{"embeddable":true,"href":"https:\/\/www.leseditionssansnom.com\/index.php\/wp-json\/wp\/v2\/users\/1"}],"replies":[{"embeddable":true,"href":"https:\/\/www.leseditionssansnom.com\/index.php\/wp-json\/wp\/v2\/comments?post=109"}],"version-history":[{"count":4,"href":"https:\/\/www.leseditionssansnom.com\/index.php\/wp-json\/wp\/v2\/pages\/109\/revisions"}],"predecessor-version":[{"id":250,"href":"https:\/\/www.leseditionssansnom.com\/index.php\/wp-json\/wp\/v2\/pages\/109\/revisions\/250"}],"up":[{"embeddable":true,"href":"https:\/\/www.leseditionssansnom.com\/index.php\/wp-json\/wp\/v2\/pages\/148"}],"wp:attachment":[{"href":"https:\/\/www.leseditionssansnom.com\/index.php\/wp-json\/wp\/v2\/media?parent=109"}],"curies":[{"name":"wp","href":"https:\/\/api.w.org\/{rel}","templated":true}]}}