{"id":107,"date":"2018-08-29T14:05:46","date_gmt":"2018-08-29T12:05:46","guid":{"rendered":"http:\/\/www.leseditionssansnom.com\/?page_id=107"},"modified":"2021-09-14T13:52:08","modified_gmt":"2021-09-14T11:52:08","slug":"les-editions-sans-nom-guillaume-de-gracia","status":"publish","type":"page","link":"https:\/\/www.leseditionssansnom.com\/index.php\/auteur-e-s\/les-editions-sans-nom-guillaume-de-gracia\/","title":{"rendered":"guillaume de gracia"},"content":{"rendered":"<p>guillaume de gracia est sociologue, docteur en Anthropologie, professeur d\u2019Histoire-G\u00e9ographie, collaborateur r\u00e9gulier du site internet <a href=\"http:\/\/www.grand-angle-libertaire.net\">www.grand-angle-libertaire.net<\/a>.<\/p>\n<p>Il a travaill\u00e9 dix ans sur l\u2019histoire sociale et politique de l\u2019Argentine sur laquelle il a publi\u00e9 deux ouvrages\u00a0: <em>L\u2019Horizon argentin<\/em> (2009, CNT-RP) et <em>De sueur et de sang<\/em> (2016, Syllepses).<\/p>\n<p>Son travail actuel le dirige vers d&rsquo;autres sph\u00e8res, en tentant de d\u00e9velopper le concept d\u2019anthropologie <em>gonzo<\/em>.<\/p>\n","protected":false},"excerpt":{"rendered":"<p>guillaume de gracia est sociologue, docteur en Anthropologie, professeur d\u2019Histoire-G\u00e9ographie, collaborateur r\u00e9gulier du site internet www.grand-angle-libertaire.net. Il a travaill\u00e9 dix ans sur l\u2019histoire sociale et&hellip; <\/p>\n","protected":false},"author":1,"featured_media":0,"parent":148,"menu_order":0,"comment_status":"closed","ping_status":"closed","template":"page-templates\/aboutus-template.php","meta":[],"yoast_head":"<!-- This site is optimized with the Yoast SEO plugin v17.1 - https:\/\/yoast.com\/wordpress\/plugins\/seo\/ -->\n<title>guillaume de gracia &bull; Les \u00c9ditions Sans Nom<\/title>\n<meta name=\"description\" content=\"guillaume de gracia est sociologue, docteur en Anthropologie, professeur d\u2019Histoire-G\u00e9ographie, collaborateur r\u00e9gulier du site internet www.grand-angle-libertaire.net.\" \/>\n<meta name=\"robots\" content=\"index, follow, max-snippet:-1, max-image-preview:large, max-video-preview:-1\" \/>\n<link rel=\"canonical\" href=\"https:\/\/www.leseditionssansnom.com\/index.php\/auteur-e-s\/les-editions-sans-nom-guillaume-de-gracia\/\" \/>\n<meta property=\"og:locale\" content=\"fr_FR\" \/>\n<meta property=\"og:type\" content=\"article\" \/>\n<meta property=\"og:title\" content=\"guillaume de gracia &bull; Les \u00c9ditions Sans Nom\" \/>\n<meta property=\"og:description\" content=\"guillaume de gracia est sociologue, docteur en Anthropologie, professeur d\u2019Histoire-G\u00e9ographie, collaborateur r\u00e9gulier du site internet www.grand-angle-libertaire.net.\" \/>\n<meta property=\"og:url\" content=\"https:\/\/www.leseditionssansnom.com\/index.php\/auteur-e-s\/les-editions-sans-nom-guillaume-de-gracia\/\" \/>\n<meta property=\"og:site_name\" content=\"Les \u00c9ditions Sans Nom\" \/>\n<meta property=\"article:modified_time\" content=\"2021-09-14T11:52:08+00:00\" \/>\n<meta name=\"twitter:card\" content=\"summary_large_image\" \/>\n<meta name=\"twitter:label1\" content=\"Dur\u00e9e de lecture est.\" \/>\n\t<meta name=\"twitter:data1\" content=\"1 minute\" \/>\n<script type=\"application\/ld+json\" class=\"yoast-schema-graph\">{\"@context\":\"https:\/\/schema.org\",\"@graph\":[{\"@type\":\"WebSite\",\"@id\":\"https:\/\/www.leseditionssansnom.com\/#website\",\"url\":\"https:\/\/www.leseditionssansnom.com\/\",\"name\":\"Les \\u00c9ditions Sans Nom\",\"description\":\"une maison d&#039;\\u00e9dition ind\\u00e9pendante et autog\\u00e9r\\u00e9e, bas\\u00e9e \\u00e0 Toulouse\",\"potentialAction\":[{\"@type\":\"SearchAction\",\"target\":{\"@type\":\"EntryPoint\",\"urlTemplate\":\"https:\/\/www.leseditionssansnom.com\/?s={search_term_string}\"},\"query-input\":\"required name=search_term_string\"}],\"inLanguage\":\"fr-FR\"},{\"@type\":\"WebPage\",\"@id\":\"https:\/\/www.leseditionssansnom.com\/index.php\/auteur-e-s\/les-editions-sans-nom-guillaume-de-gracia\/#webpage\",\"url\":\"https:\/\/www.leseditionssansnom.com\/index.php\/auteur-e-s\/les-editions-sans-nom-guillaume-de-gracia\/\",\"name\":\"guillaume de gracia &bull; Les \\u00c9ditions Sans Nom\",\"isPartOf\":{\"@id\":\"https:\/\/www.leseditionssansnom.com\/#website\"},\"datePublished\":\"2018-08-29T12:05:46+00:00\",\"dateModified\":\"2021-09-14T11:52:08+00:00\",\"description\":\"guillaume de gracia est sociologue, docteur en Anthropologie, professeur d\\u2019Histoire-G\\u00e9ographie, collaborateur r\\u00e9gulier du site internet www.grand-angle-libertaire.net.\",\"breadcrumb\":{\"@id\":\"https:\/\/www.leseditionssansnom.com\/index.php\/auteur-e-s\/les-editions-sans-nom-guillaume-de-gracia\/#breadcrumb\"},\"inLanguage\":\"fr-FR\",\"potentialAction\":[{\"@type\":\"ReadAction\",\"target\":[\"https:\/\/www.leseditionssansnom.com\/index.php\/auteur-e-s\/les-editions-sans-nom-guillaume-de-gracia\/\"]}]},{\"@type\":\"BreadcrumbList\",\"@id\":\"https:\/\/www.leseditionssansnom.com\/index.php\/auteur-e-s\/les-editions-sans-nom-guillaume-de-gracia\/#breadcrumb\",\"itemListElement\":[{\"@type\":\"ListItem\",\"position\":1,\"name\":\"Accueil\",\"item\":\"https:\/\/www.leseditionssansnom.com\/\"},{\"@type\":\"ListItem\",\"position\":2,\"name\":\"Auteur.e.s\",\"item\":\"https:\/\/www.leseditionssansnom.com\/index.php\/auteur-e-s\/\"},{\"@type\":\"ListItem\",\"position\":3,\"name\":\"guillaume de gracia\"}]}]}<\/script>\n<!-- \/ Yoast SEO plugin. -->","yoast_head_json":{"title":"guillaume de gracia &bull; Les \u00c9ditions Sans Nom","description":"guillaume de gracia est sociologue, docteur en Anthropologie, professeur d\u2019Histoire-G\u00e9ographie, collaborateur r\u00e9gulier du site internet www.grand-angle-libertaire.net.","robots":{"index":"index","follow":"follow","max-snippet":"max-snippet:-1","max-image-preview":"max-image-preview:large","max-video-preview":"max-video-preview:-1"},"canonical":"https:\/\/www.leseditionssansnom.com\/index.php\/auteur-e-s\/les-editions-sans-nom-guillaume-de-gracia\/","og_locale":"fr_FR","og_type":"article","og_title":"guillaume de gracia &bull; Les \u00c9ditions Sans Nom","og_description":"guillaume de gracia est sociologue, docteur en Anthropologie, professeur d\u2019Histoire-G\u00e9ographie, collaborateur r\u00e9gulier du site internet www.grand-angle-libertaire.net.","og_url":"https:\/\/www.leseditionssansnom.com\/index.php\/auteur-e-s\/les-editions-sans-nom-guillaume-de-gracia\/","og_site_name":"Les \u00c9ditions Sans Nom","article_modified_time":"2021-09-14T11:52:08+00:00","twitter_card":"summary_large_image","twitter_misc":{"Dur\u00e9e de lecture est.":"1 minute"},"schema":{"@context":"https:\/\/schema.org","@graph":[{"@type":"WebSite","@id":"https:\/\/www.leseditionssansnom.com\/#website","url":"https:\/\/www.leseditionssansnom.com\/","name":"Les \u00c9ditions Sans Nom","description":"une maison d&#039;\u00e9dition ind\u00e9pendante et autog\u00e9r\u00e9e, bas\u00e9e \u00e0 Toulouse","potentialAction":[{"@type":"SearchAction","target":{"@type":"EntryPoint","urlTemplate":"https:\/\/www.leseditionssansnom.com\/?s={search_term_string}"},"query-input":"required name=search_term_string"}],"inLanguage":"fr-FR"},{"@type":"WebPage","@id":"https:\/\/www.leseditionssansnom.com\/index.php\/auteur-e-s\/les-editions-sans-nom-guillaume-de-gracia\/#webpage","url":"https:\/\/www.leseditionssansnom.com\/index.php\/auteur-e-s\/les-editions-sans-nom-guillaume-de-gracia\/","name":"guillaume de gracia &bull; Les \u00c9ditions Sans Nom","isPartOf":{"@id":"https:\/\/www.leseditionssansnom.com\/#website"},"datePublished":"2018-08-29T12:05:46+00:00","dateModified":"2021-09-14T11:52:08+00:00","description":"guillaume de gracia est sociologue, docteur en Anthropologie, professeur d\u2019Histoire-G\u00e9ographie, collaborateur r\u00e9gulier du site internet www.grand-angle-libertaire.net.","breadcrumb":{"@id":"https:\/\/www.leseditionssansnom.com\/index.php\/auteur-e-s\/les-editions-sans-nom-guillaume-de-gracia\/#breadcrumb"},"inLanguage":"fr-FR","potentialAction":[{"@type":"ReadAction","target":["https:\/\/www.leseditionssansnom.com\/index.php\/auteur-e-s\/les-editions-sans-nom-guillaume-de-gracia\/"]}]},{"@type":"BreadcrumbList","@id":"https:\/\/www.leseditionssansnom.com\/index.php\/auteur-e-s\/les-editions-sans-nom-guillaume-de-gracia\/#breadcrumb","itemListElement":[{"@type":"ListItem","position":1,"name":"Accueil","item":"https:\/\/www.leseditionssansnom.com\/"},{"@type":"ListItem","position":2,"name":"Auteur.e.s","item":"https:\/\/www.leseditionssansnom.com\/index.php\/auteur-e-s\/"},{"@type":"ListItem","position":3,"name":"guillaume de gracia"}]}]}},"_links":{"self":[{"href":"https:\/\/www.leseditionssansnom.com\/index.php\/wp-json\/wp\/v2\/pages\/107"}],"collection":[{"href":"https:\/\/www.leseditionssansnom.com\/index.php\/wp-json\/wp\/v2\/pages"}],"about":[{"href":"https:\/\/www.leseditionssansnom.com\/index.php\/wp-json\/wp\/v2\/types\/page"}],"author":[{"embeddable":true,"href":"https:\/\/www.leseditionssansnom.com\/index.php\/wp-json\/wp\/v2\/users\/1"}],"replies":[{"embeddable":true,"href":"https:\/\/www.leseditionssansnom.com\/index.php\/wp-json\/wp\/v2\/comments?post=107"}],"version-history":[{"count":4,"href":"https:\/\/www.leseditionssansnom.com\/index.php\/wp-json\/wp\/v2\/pages\/107\/revisions"}],"predecessor-version":[{"id":238,"href":"https:\/\/www.leseditionssansnom.com\/index.php\/wp-json\/wp\/v2\/pages\/107\/revisions\/238"}],"up":[{"embeddable":true,"href":"https:\/\/www.leseditionssansnom.com\/index.php\/wp-json\/wp\/v2\/pages\/148"}],"wp:attachment":[{"href":"https:\/\/www.leseditionssansnom.com\/index.php\/wp-json\/wp\/v2\/media?parent=107"}],"curies":[{"name":"wp","href":"https:\/\/api.w.org\/{rel}","templated":true}]}}